{"id":14,"date":"2016-12-02T18:12:07","date_gmt":"2016-12-02T17:12:07","guid":{"rendered":"http:\/\/glossy.local\/~zarquon\/test\/wordpress\/wordpress461\/?page_id=14"},"modified":"2020-12-18T12:41:38","modified_gmt":"2020-12-18T11:41:38","slug":"foerderer-kooperationen","status":"publish","type":"page","link":"https:\/\/mgh-bochum.de\/?page_id=14","title":{"rendered":"F\u00f6rderer &#038; Kooperationen"},"content":{"rendered":"<h2>F\u00f6rderer &amp; Kooperationen<\/h2>\n<p>Unsere interkulturelle Arbeit kann nur mit Hilfe unserer\u00a0F\u00f6rderer\u00a0und Kooperationspartner realisiert werden. F\u00fcr die gro\u00dfz\u00fcgige Unterst\u00fctzung bedanken wir uns deshalb recht herzlich bei:<\/p>\n<hr width=\"50%\" \/>\n<h2>F\u00f6rderer<\/h2>\n<ul>\n<li style=\"list-style-type: none;\">\n<ul>\n<li><a href=\"https:\/\/www.vivawest.de\/\">VIVAWEST Wohnen Gmbh<\/a><\/li>\n<li><a href=\"https:\/\/www.bmfsfj.de\/\">Bundesministerium f\u00fcr Familie, Senioren, Frauen und Jugend\u00a0<\/a><\/li>\n<li><a href=\"https:\/\/www.krampe-schmidt.de\/\">Startseite &#8211; Krampe Schmidt Architekten (krampe-schmidt.de)<\/a><\/li>\n<\/ul>\n<\/li>\n<\/ul>\n<hr width=\"50%\" \/>\n<h2>Kooperationspartner<\/h2>\n<ul>\n<li style=\"list-style-type: none;\">\n<ul>\n<li><a href=\"http:\/\/www.jugendring-bochum.de\" target=\"_blank\" rel=\"noopener noreferrer\">Jugendring Bochum<\/a><\/li>\n<li><a href=\"http:\/\/www.integrationsportal.bochum.de\" target=\"_blank\" rel=\"noopener noreferrer\">Integrationsportal Bochum<\/a> (Integrationsb\u00fcro)<\/li>\n<li><a href=\"http:\/\/www.diakonie-bochum.de\" target=\"_blank\" rel=\"noopener noreferrer\">Diakonische Dienste Bochum<\/a><\/li>\n<li><a href=\"http:\/\/www.familienforum-ruhrgebiet.de\" target=\"_blank\" rel=\"noopener noreferrer\">Familienforum Ruhrgebiet<\/a><\/li>\n<li><a href=\"http:\/\/www.bahnhof-langendreer.de\" target=\"_blank\" rel=\"noopener noreferrer\">Bahnhof Langendreer<\/a><\/li>\n<li><a href=\"http:\/\/www.fibo-figurentheater.de\" target=\"_blank\" rel=\"noopener noreferrer\">Fibo Figurentheater in Bochum<\/a><\/li>\n<li><a href=\"http:\/\/www.bochum.de\/stadtarchiv\" target=\"_blank\" rel=\"noopener noreferrer\">Bochumer Zentrum f\u00fcr Stadtgeschichte<\/a><\/li>\n<li><a href=\"http:\/\/www.xvisionruhr.de\" target=\"_blank\" rel=\"noopener noreferrer\">XVision Ruhr<\/a><\/li>\n<li><a href=\"http:\/\/www.bochum.de\/senioren\" target=\"_blank\" rel=\"noopener noreferrer\">Sozialamt Fachdienst Altenhilfe<\/a><\/li>\n<li><a href=\"http:\/\/www.lwl-uk-bochum.de\" target=\"_blank\" rel=\"noopener noreferrer\">LWL Universit\u00e4tsklinikum Bochum<\/a><\/li>\n<li><a href=\"http:\/\/www.bochum.de\/stadtbuecherei\" target=\"_blank\" rel=\"noopener noreferrer\">B\u00fccherei Linden<\/a><\/li>\n<li><a href=\"http:\/\/www.drkcms.de\/drkbo\" target=\"_blank\" rel=\"noopener noreferrer\">DRK Bochum<\/a><\/li>\n<li><a href=\"http:\/\/www.agot-bochum.de\/\" target=\"_blank\" rel=\"noopener noreferrer\">AGOT Bochum<\/a><\/li>\n<li><a href=\"http:\/\/www.vivawest.de\" target=\"_blank\" rel=\"noopener noreferrer\">www.vivawest.de<\/a><\/li>\n<li><a href=\"https:\/\/www.bochum.de\/seniorenbueros#par5\">Seniorenb\u00fcro S\u00fcdwest<\/a><\/li>\n<li><a href=\"http:\/\/rosalie-adler-sz.awo-ww.de\/\">Rosalie- Adler- Seniorenzentrum<\/a><\/li>\n<li>AK &#8222;Mach Mit im Ehrenamt f\u00fcr Kinder und Jugendliche&#8220;<\/li>\n<li><a href=\"https:\/\/www.bochum.de\/kommunales-integrationszentrum\">KIBO &#8211; Kommunales Integrationszentrum Bochum<\/a><\/li>\n<li><a href=\"https:\/\/m.bochum.de\/kulturbuero\">Kulturb\u00fcro Bochum<\/a><\/li>\n<li><a href=\"https:\/\/www.bochum.de\/jugendamt\">Jugendamt Bochum<\/a><\/li>\n<li><a href=\"http:\/\/www.wildehummel.de\/\">http:\/\/www.wildehummel.de\/<\/a><\/li>\n<li><a href=\"http:\/\/www.die-tks.de\/tks-online-2012\/index.php?page=1\">http:\/\/www.die-tks.de\/tks-online-2012\/index.php?page=1<\/a><\/li>\n<\/ul>\n<\/li>\n<\/ul>\n","protected":false},"excerpt":{"rendered":"<p>F\u00f6rderer &amp; Kooperationen Unsere interkulturelle Arbeit kann nur mit Hilfe unserer\u00a0F\u00f6rderer\u00a0und Kooperationspartner realisiert werden. F\u00fcr die gro\u00dfz\u00fcgige Unterst\u00fctzung bedanken wir uns deshalb recht herzlich bei: F\u00f6rderer VIVAWEST Wohnen Gmbh Bundesministerium f\u00fcr Familie, Senioren, Frauen und Jugend\u00a0 Startseite &#8211; Krampe Schmidt Architekten (krampe-schmidt.de) Kooperationspartner Jugendring Bochum Integrationsportal Bochum (Integrationsb\u00fcro) Diakonische Dienste Bochum Familienforum Ruhrgebiet Bahnhof Langendreer [&hellip;]<\/p>\n","protected":false},"author":1,"featured_media":0,"parent":7,"menu_order":20,"comment_status":"closed","ping_status":"closed","template":"","meta":{"footnotes":""},"class_list":["post-14","page","type-page","status-publish"],"_links":{"self":[{"href":"https:\/\/mgh-bochum.de\/index.php?rest_route=\/wp\/v2\/pages\/14","targetHints":{"allow":["GET"]}}],"collection":[{"href":"https:\/\/mgh-bochum.de\/index.php?rest_route=\/wp\/v2\/pages"}],"about":[{"href":"https:\/\/mgh-bochum.de\/index.php?rest_route=\/wp\/v2\/types\/page"}],"author":[{"embeddable":true,"href":"https:\/\/mgh-bochum.de\/index.php?rest_route=\/wp\/v2\/users\/1"}],"replies":[{"embeddable":true,"href":"https:\/\/mgh-bochum.de\/index.php?rest_route=%2Fwp%2Fv2%2Fcomments&post=14"}],"version-history":[{"count":15,"href":"https:\/\/mgh-bochum.de\/index.php?rest_route=\/wp\/v2\/pages\/14\/revisions"}],"predecessor-version":[{"id":1045,"href":"https:\/\/mgh-bochum.de\/index.php?rest_route=\/wp\/v2\/pages\/14\/revisions\/1045"}],"up":[{"embeddable":true,"href":"https:\/\/mgh-bochum.de\/index.php?rest_route=\/wp\/v2\/pages\/7"}],"wp:attachment":[{"href":"https:\/\/mgh-bochum.de\/index.php?rest_route=%2Fwp%2Fv2%2Fmedia&parent=14"}],"curies":[{"name":"wp","href":"https:\/\/api.w.org\/{rel}","templated":true}]}}