{"id":16,"date":"2016-12-02T18:14:03","date_gmt":"2016-12-02T17:14:03","guid":{"rendered":"http:\/\/glossy.local\/~zarquon\/test\/wordpress\/wordpress461\/?page_id=16"},"modified":"2020-12-16T14:35:28","modified_gmt":"2020-12-16T13:35:28","slug":"projekte","status":"publish","type":"page","link":"https:\/\/mgh-bochum.de\/?page_id=16","title":{"rendered":"Projekte"},"content":{"rendered":"<h4>Internationales Kochbuch<\/h4>\n<h5>Projektbeschreibung<\/h5>\n<p>Liebe Kochbegeisterte,<br \/>\nsch\u00f6n, dass Sie auf unserer Seite gelandet sind und nun bestimmt mit viel Neugier auf eine kulinarische Entdeckungsreise gehen wollen.<br \/>\nDiese Rezepte entstand im Projekt \u201eBochumer Netzwerk Elternbegleitung\u201c (BNE), welches im Rahmen des Bundesmodellprogramms \u201eStarke<br \/>\nNetzwerke Elternbegleitung f\u00fcr gefl\u00fcchtete Familien\u201c durch das Bundesministerium f\u00fcr Familie, Senioren, Frauen und Jugend gef\u00f6rdert wurde.<br \/>\nDas \u201eBochumer Netzwerk Elternbegleitung\u201c wurde von den nachfolgenden Einrichtungen umgesetzt:<br \/>\n\u2022 Kommunales Integrationszentrum der Stadt Bochum<br \/>\n(Leitung und Koordinierung),<br \/>\n\u2022 Mehrgenerationenhaus Stadtteilzentrum Dahlhausen &#8211; IFAK e.V.,<br \/>\n\u2022 IFAK e.V. &#8211; Stadtteiltreff Hustadt,<br \/>\n\u2022 St\u00e4dtisches Familienzentrum Kindertageseinrichtung<br \/>\nZechenstra\u00dfe 12<br \/>\n\u2022 Bochumer Arbeitskreis \u201eElternbegleiter*innen<br \/>\nzu Bildungsverl\u00e4ufen von Kindern\u201c,<br \/>\n\u2022 Ronahi e.V. \u2013 Vielfalt, Wertsch\u00e4tzung, Teilhabe,<br \/>\n\u2022 Evangelisches Familienzentrum Pastor Viertmann KiTa.<\/p>\n<p>Das Kochbuch ist bereits ab Dezember 2020 bei allen Projektbeteiligten erh\u00e4ltlich. Die Rezepte werden ab Januar 2021 mit \u00dcbersetzung erscheinen.<\/p>\n<h2>&#8222;Wir sind Dahlsen&#8220;<\/h2>\n<p>Das Projekt\u00a0ist f\u00fcr Jugendliche mit und ohne Migrationshintergrund. Es werden\u00a0gemeinsam mit den Jugendlichen verschiedene Lebensmodelle erstellt und geschaut, was\u00a0n\u00f6tig ist f\u00fcr ein demokratisches Miteinander.\u00a0Das Projekt\u00a0soll den Zusammenhalt der Kulturen f\u00f6rdern, Jugendliche bef\u00e4higen, andere Lebensmodelle und Kulturen zu akzeptieren und zu tolerieren, Demokratie st\u00e4rken. Junge Menschen sollen bef\u00e4higt werden, demokratische Positionen zu erkennen und sich kritisch mit ihnen auseinanderzusetzen. Im Projekt findet eine Auseinandersetzung mit: Rassismus und rassistischer Diskriminierung, aktuelle Formen von Antisemitismus, Feindseligkeit gegen Sinti und Roma, aktuelle Formen von Islam-\/ Muslimenfeindlichkeit, Homophobie und Transphobie statt. Gemeinsame Gruppenaktivit\u00e4ten stehen im Vordergrund, wie: gemeinsames Kochen, gemeinsam den Stadtteil erkunden, Kinoabende.<\/p>\n<p>Das Projekt wird finanziert von der Stadt Bochum, Demokratie leben!<\/p>\n<h2>&#8222;Ausbildungspaten&#8220;<\/h2>\n<p><a href=\"http:\/\/mgh-bochum.de\/wp-content\/uploads\/2020\/01\/picture-180157402.jpg\"><img loading=\"lazy\" decoding=\"async\" class=\"size-full wp-image-710 aligncenter\" src=\"http:\/\/mgh-bochum.de\/wp-content\/uploads\/2020\/01\/picture-180157402.jpg\" alt=\"\" width=\"940\" height=\"450\" srcset=\"https:\/\/mgh-bochum.de\/wp-content\/uploads\/2020\/01\/picture-180157402.jpg 940w, https:\/\/mgh-bochum.de\/wp-content\/uploads\/2020\/01\/picture-180157402-300x144.jpg 300w, https:\/\/mgh-bochum.de\/wp-content\/uploads\/2020\/01\/picture-180157402-700x335.jpg 700w, https:\/\/mgh-bochum.de\/wp-content\/uploads\/2020\/01\/picture-180157402-768x368.jpg 768w\" sizes=\"auto, (max-width: 940px) 100vw, 940px\" \/><\/a><\/p>\n<p>Die\u00a0Ausbildungspaten f\u00fcr Bochum unterst\u00fctzen Sch\u00fcler*innen\u00a0von Haupt-, Real- und\u00a0Gesamtschulen auf dem Weg von den Schulen in eine Ausbildung.<\/p>\n<p>Als ehrenamtlicher Ausbildungspate begleiten Sie im 1:1-Verh\u00e4ltnis Sch\u00fcler auf\u00a0ihrem Weg. Sie unterst\u00fctzen den Berufsfindungsprozess des Jugendlichen ab dem 9. Schuljahr und entwickeln mit ihm und der Projektleiterin im MGH\u00a0den \u00dcbergang Schule-Beruf, berufliche Perspektiven und deren Umsetzung. In dieser pers\u00f6nlichen Begleitung eines jungen Menschen ist es wichtig, dass Sie ein \u201eoffenes Ohr\u201c f\u00fcr seine pers\u00f6nlichen Belange haben und ihn motivieren und st\u00e4rken.<\/p>\n<p>Werden Sie Ausbildungspate, wenn\u2026<\/p>\n<ul type=\"disc\">\n<li>Sie Zeit haben,\u00a0den Jugendliche \u00fcber einen Mindestzeitraum von zwei Jahren regelm\u00e4\u00dfig zu treffen und begleiten.<\/li>\n<li>Sie einen \u201eguten Draht\u201c zu Jugendlichen haben,<\/li>\n<li>Sie die Welt durch die Augen von Jugendlichen sehen wollen,<\/li>\n<li>Sie sich als Begleiter und Unterst\u00fctzer f\u00fcr einen Jugendlichen verstehen k\u00f6nnen und nicht als Macher f\u00fcr die Umsetzung eigener Ziele und Vorstellungen,<\/li>\n<li>Sie ausdauernd und motivierend agieren k\u00f6nnen, indem Sie stets vermitteln: \u201eIch glaube an Dich und halte zu Dir\u201c,<\/li>\n<li>Sie kommunikativ und kontaktfreudig sind, um mit anderen Akteuren des \u00dcbergangs Schule-Beruf zusammen zu arbeiten<\/li>\n<\/ul>\n<p>Ihr Engagement\u00a0als\u00a0Ausbildungspate gestaltet sich individuell und vielf\u00e4ltig.<br \/>\nWir unterst\u00fctzen Sie bei dieser verantwortungsvollen Aufgabe mit:<\/p>\n<ul type=\"disc\">\n<li>einer Abendveranstaltung zum Kennenlernen der hauptamtlichen Akteure am \u00dcbergang Schule-Beruf,<\/li>\n<li>einem ganzt\u00e4gigen Vorbereitungsseminar auf Ihre\u00a0Patenrolle,<\/li>\n<li>regelm\u00e4\u00dfig stattfindenden Reflexionsabenden,<\/li>\n<li>thematischen\u00a0Fortbildungsangeboten,<\/li>\n<li>Begleitung durch die Projektleitung<\/li>\n<\/ul>\n<p>Sie haben Interesse? Wir beraten Sie gerne pers\u00f6nlich in einem ausf\u00fchrlichen Kennlerngespr\u00e4ch.<\/p>\n<p>Kontakt:<br \/>\nAyse Ert\u00fcrk<br \/>\nTel.: 0234 &#8211; 94 22 336<br \/>\nFax: 0234 &#8211; 94 22 338<br \/>\nE-Mail: ertuerk[at]ifak-bochum.de<\/p>\n<p>Projektstart 2018<\/p>\n<p>Wenn Sie eines oder mehrere unserer laufenden Projekte ideell, materiell oder finanziell unterst\u00fctzen m\u00f6chten, k\u00f6nnen Sie uns gerne <a class=\"mail\" title=\"Konatkt\">kontaktieren<\/a>. Da wir auf Ihre Mithilfe angewiesen sind, werden wir gemeinsam mit Ihnen Kooperationsm\u00f6glichkeiten ausarbeiten und Sie transparent \u00fcber den Einsatz Ihrer Ressourcen informieren.<\/p>\n<p>Als Ausdruck unserer Anerkennung werden wir Sie und Ihre Firma, sofern gew\u00fcnscht, gerne in unseren Publikationen und auf unserer Webseite als Unterst\u00fctzer pr\u00e4sentieren.<\/p>\n","protected":false},"excerpt":{"rendered":"<p>Internationales Kochbuch Projektbeschreibung Liebe Kochbegeisterte, sch\u00f6n, dass Sie auf unserer Seite gelandet sind und nun bestimmt mit viel Neugier auf eine kulinarische Entdeckungsreise gehen wollen. Diese Rezepte entstand im Projekt \u201eBochumer Netzwerk Elternbegleitung\u201c (BNE), welches im Rahmen des Bundesmodellprogramms \u201eStarke Netzwerke Elternbegleitung f\u00fcr gefl\u00fcchtete Familien\u201c durch das Bundesministerium f\u00fcr Familie, Senioren, Frauen und Jugend gef\u00f6rdert [&hellip;]<\/p>\n","protected":false},"author":1,"featured_media":0,"parent":7,"menu_order":60,"comment_status":"closed","ping_status":"closed","template":"","meta":{"footnotes":""},"class_list":["post-16","page","type-page","status-publish"],"_links":{"self":[{"href":"https:\/\/mgh-bochum.de\/index.php?rest_route=\/wp\/v2\/pages\/16","targetHints":{"allow":["GET"]}}],"collection":[{"href":"https:\/\/mgh-bochum.de\/index.php?rest_route=\/wp\/v2\/pages"}],"about":[{"href":"https:\/\/mgh-bochum.de\/index.php?rest_route=\/wp\/v2\/types\/page"}],"author":[{"embeddable":true,"href":"https:\/\/mgh-bochum.de\/index.php?rest_route=\/wp\/v2\/users\/1"}],"replies":[{"embeddable":true,"href":"https:\/\/mgh-bochum.de\/index.php?rest_route=%2Fwp%2Fv2%2Fcomments&post=16"}],"version-history":[{"count":19,"href":"https:\/\/mgh-bochum.de\/index.php?rest_route=\/wp\/v2\/pages\/16\/revisions"}],"predecessor-version":[{"id":1028,"href":"https:\/\/mgh-bochum.de\/index.php?rest_route=\/wp\/v2\/pages\/16\/revisions\/1028"}],"up":[{"embeddable":true,"href":"https:\/\/mgh-bochum.de\/index.php?rest_route=\/wp\/v2\/pages\/7"}],"wp:attachment":[{"href":"https:\/\/mgh-bochum.de\/index.php?rest_route=%2Fwp%2Fv2%2Fmedia&parent=16"}],"curies":[{"name":"wp","href":"https:\/\/api.w.org\/{rel}","templated":true}]}}