{"id":18,"date":"2016-12-02T18:36:20","date_gmt":"2016-12-02T17:36:20","guid":{"rendered":"http:\/\/glossy.local\/~zarquon\/test\/wordpress\/wordpress461\/?page_id=18"},"modified":"2025-05-21T15:11:14","modified_gmt":"2025-05-21T13:11:14","slug":"kinder-und-jugendarbeit","status":"publish","type":"page","link":"https:\/\/mgh-bochum.de\/?page_id=18","title":{"rendered":"Kinder- und Jugendarbeit"},"content":{"rendered":"\n<h2 class=\"wp-block-heading\">Das Kinder- und Jugendangebot<\/h2>\n\n\n\n<p>Unsere interkulturelle Kinder- und Jugendarbeit bietet eine attraktive Freizeitgestaltung und ist ein wichtiger Bestandteil der au\u00dferschulischen Bildung. Somit ist sie ein unverzichtbarer Teil der kommunalen Jugendhilfe im Bochumer S\u00fcdwesten.<\/p>\n\n\n\n<p>Sie leistet ein fr\u00fchzeitiges Erleben von Demokratie, Toleranz und Partizipation und&nbsp; bietet ein wichtiges Lernfeld f\u00fcr die pers\u00f6nliche und soziale Entwicklung junger Menschen.<\/p>\n\n\n\n<p>Hierbei setzen wir an den St\u00e4rken und Bed\u00fcrfnissen der Heranwachsenden an, was gerade bei jungen Menschen, die Ausgrenzung und Misserfolge erfahren, von gro\u00dfer Wichtigkeit ist.<\/p>\n\n\n\n<p>Vielf\u00e4ltige Freizeitangebote machen Kinder und Jugendliche fit und stark, nicht nur f\u00fcr die Schule.<\/p>\n\n\n\n<p>Wir f\u00f6rdern das soziale Miteinander und geben Kindern und Jugendlichen Raum, den sie f\u00fcr ihre pers\u00f6nliche und kreative Entwicklung brauchen.<\/p>\n\n\n\n<p>Im Kinder- und Jugendtreff des Mehrgenerationenhauses bekommen alle Besucher und Besucherinnen gleicherma\u00dfen Aufmerksamkeit und Unterst\u00fctzung in ihrer individuellen Entwicklung, Anerkennung, Wertsch\u00e4tzung und Ermutigung.<\/p>\n\n\n\n<p>Hier haben sie die M\u00f6glichkeit, ihre eigenen Ressourcen zu entdecken und Freundschaften zu schlie\u00dfen.<\/p>\n\n\n\n<p>Jugendliche finden kompetente Ansprechpartner, die bei&nbsp;der Realisierung ihrer eigenen Lebensplanung unterst\u00fctzen.<\/p>\n\n\n\n<p>Im Stadtteil sind wir \u00fcber die Sozialraumkonferenz mit allen Jugendhilfe- und Bildungstr\u00e4gern vernetzt.<\/p>\n\n\n\n<p>Auf kommunaler Ebene sind wir Mitglied in der AGOT- Arbeitsgemeinschaft der offenen T\u00fcren, dem Bochumer Jugendring und der AG \u00a778.<\/p>\n\n\n\n<p><strong>Das aktuelle Ferienpassprogramm findet ihr unter dem Link: Veranstaltungen!<\/strong><\/p>\n\n\n\n<p>Ansprechpartner: Ahmet Ayg\u00fcn<br>Montag-Freitag von 14.00-20.00 Uhr<br>Tel: 0234 \/ 94 22 337<br>Mail:&nbsp;dj[at]ifak-bochum.de<\/p>\n\n\n\n<p><\/p>\n","protected":false},"excerpt":{"rendered":"<p>Das Kinder- und Jugendangebot Unsere interkulturelle Kinder- und Jugendarbeit bietet eine attraktive Freizeitgestaltung und ist ein wichtiger Bestandteil der au\u00dferschulischen Bildung. Somit ist sie ein unverzichtbarer Teil der kommunalen Jugendhilfe im Bochumer S\u00fcdwesten. Sie leistet ein fr\u00fchzeitiges Erleben von Demokratie, Toleranz und Partizipation und&nbsp; bietet ein wichtiges Lernfeld f\u00fcr die pers\u00f6nliche und soziale Entwicklung junger [&hellip;]<\/p>\n","protected":false},"author":1,"featured_media":5,"parent":0,"menu_order":10,"comment_status":"closed","ping_status":"closed","template":"","meta":{"footnotes":""},"class_list":["post-18","page","type-page","status-publish","has-post-thumbnail"],"_links":{"self":[{"href":"https:\/\/mgh-bochum.de\/index.php?rest_route=\/wp\/v2\/pages\/18","targetHints":{"allow":["GET"]}}],"collection":[{"href":"https:\/\/mgh-bochum.de\/index.php?rest_route=\/wp\/v2\/pages"}],"about":[{"href":"https:\/\/mgh-bochum.de\/index.php?rest_route=\/wp\/v2\/types\/page"}],"author":[{"embeddable":true,"href":"https:\/\/mgh-bochum.de\/index.php?rest_route=\/wp\/v2\/users\/1"}],"replies":[{"embeddable":true,"href":"https:\/\/mgh-bochum.de\/index.php?rest_route=%2Fwp%2Fv2%2Fcomments&post=18"}],"version-history":[{"count":15,"href":"https:\/\/mgh-bochum.de\/index.php?rest_route=\/wp\/v2\/pages\/18\/revisions"}],"predecessor-version":[{"id":2397,"href":"https:\/\/mgh-bochum.de\/index.php?rest_route=\/wp\/v2\/pages\/18\/revisions\/2397"}],"wp:featuredmedia":[{"embeddable":true,"href":"https:\/\/mgh-bochum.de\/index.php?rest_route=\/"}],"wp:attachment":[{"href":"https:\/\/mgh-bochum.de\/index.php?rest_route=%2Fwp%2Fv2%2Fmedia&parent=18"}],"curies":[{"name":"wp","href":"https:\/\/api.w.org\/{rel}","templated":true}]}}