{"id":20,"date":"2016-12-02T18:37:54","date_gmt":"2016-12-02T17:37:54","guid":{"rendered":"http:\/\/glossy.local\/~zarquon\/test\/wordpress\/wordpress461\/?page_id=20"},"modified":"2024-12-24T21:55:22","modified_gmt":"2024-12-24T20:55:22","slug":"dj-der-dahlhauser-kinder-und-jugendtreff","status":"publish","type":"page","link":"https:\/\/mgh-bochum.de\/?page_id=20","title":{"rendered":"DJ \u2013 der Dahlhauser Kinder- und Jugendtreff"},"content":{"rendered":"<p>Der Kinder- und Jugendtreff im Mehrgenerationenhaus richtet sich an zwei unterschiedliche Altersgruppen:<\/p>\n<ul>\n<li><strong>Kinder von 6-13 Jahren und<\/strong><\/li>\n<li><strong>Jugendliche von 13-21 Jahren<\/strong>.<\/li>\n<\/ul>\n<h3>\u00a0<\/h3>\n<h3>Der Kinderbereich:<\/h3>\n<p>Der Kinderbereich ist <strong>montags- freitags von 14.00-17.00 Uhr<\/strong> ge\u00f6ffnet und bietet ein abwechslungsreiches Programm.<\/p>\n<p><strong>Montag:<\/strong>\u00a0 \u00a0 \u00a0 \u00a0 \u00a0 Kreativtag-Basteln und Werken<br \/><strong>Dienstag:<\/strong>\u00a0 \u00a0 \u00a0 \u00a0Computerwerkstatt und Konsolenspiele &#8211; digitale Medien<br \/><strong>Mittwoch:<\/strong>\u00a0 \u00a0 \u00a0 Kreativ-, Spiele- und Kunstnachmittage<br \/><strong>Donnerstag:<\/strong> Gemeinsames Kochen, alles was gesund ist und lecker schmeckt!<br \/><strong>Freitag:<\/strong>\u00a0 \u00a0 \u00a0 \u00a0 \u00a0 \u00a0Offener Treff, Aktivit\u00e4ten, die Spa\u00df machen, Nachhaltigkeit<\/p>\n<h4>\u00a0<\/h4>\n<h4>Der Jugendbereich:<\/h4>\n<p>Der Jugendbereich ist montags bis freitags von <strong>17.00-20.00<\/strong> ge\u00f6ffnet.<br \/>Das Internetcaf\u00e9 steht den Jugendlichen t\u00e4glich von <strong>17.00-19.30 Uhr<\/strong> zur Verf\u00fcgung.<br \/>Folgende Angebote finden sich im Jugendbereich, wobei die Besucher und Besucherinnen Art und Umfang der Angebote mitentscheiden und mitgestalten.<\/p>\n<ul>\n<li>Sport-, Spiel-, Koch- und Medienangebote<\/li>\n<li>Projektarbeit zu Sport, Kultur, Politik und Sozialem<\/li>\n<li>Beratung und Begleitung rund um den Bereich des \u00dcbergangs von Schule und Beruf, Unterst\u00fctzung bei Bewerbungen<\/li>\n<li>Nachhilfe und Unterst\u00fctzung bei Hausarbeiten<\/li>\n<li>Gemeinsame Ausfl\u00fcge und Besuche von Beratungsstellen<\/li>\n<li>Angebote speziell f\u00fcr M\u00e4dchen\/Jungen<\/li>\n<\/ul>\n<h3>\u00a0<\/h3>\n<h3>Die R\u00e4umlichkeiten:<\/h3>\n<p>Das Stadtteilzentrum der IFAK e.V. wurde 1998 neu gebaut. F\u00fcr die Kinder und Jugendliche stehen folgende R\u00e4ume zur Verf\u00fcgung:<\/p>\n<ul>\n<li>Gro\u00dfer Multifunktionsraum mit\u00a0 Kickern, Billard und Airhockey<\/li>\n<li>Teestuben- und Spielbereich (Tischspiele)<\/li>\n<li>Gruppenraum f\u00fcr Kreativangebote, DVD und Videobereich<\/li>\n<li>Beratungsb\u00fcro<\/li>\n<li>Multifunktionsraum\/Computerraum<\/li>\n<li>Sport- und Entspannungsraum<\/li>\n<li>K\u00fcche<\/li>\n<\/ul>\n<p>Unsere Einrichtung befindet sich in unmittelbarer N\u00e4he zu einem Bolzplatz und einem Spielplatz, die wir gerne auch f\u00fcr unsere Angebote nutzen und f\u00fcr die wir eine Patenschaft \u00a0\u00fcbernommen haben.<\/p>\n<p>Ansprechpartner: Ahmet Ayg\u00fcn<br \/>B\u00fcrozeiten: Montag-Freitag von 15.00-18.00 Uhr<br \/>Tel: 0234 \/ 94 22 337<\/p>\n<p>Mail:dj[at]ifak-bochum.de<\/p>\n\n\n<figure class=\"wp-block-image size-large\"><img loading=\"lazy\" decoding=\"async\" width=\"700\" height=\"700\" src=\"https:\/\/mgh-bochum.de\/wp-content\/uploads\/2021\/01\/IMG_1806-700x700.jpg\" alt=\"\" class=\"wp-image-1248\" srcset=\"https:\/\/mgh-bochum.de\/wp-content\/uploads\/2021\/01\/IMG_1806-700x700.jpg 700w, https:\/\/mgh-bochum.de\/wp-content\/uploads\/2021\/01\/IMG_1806-300x300.jpg 300w, https:\/\/mgh-bochum.de\/wp-content\/uploads\/2021\/01\/IMG_1806-150x150.jpg 150w, https:\/\/mgh-bochum.de\/wp-content\/uploads\/2021\/01\/IMG_1806-768x768.jpg 768w, https:\/\/mgh-bochum.de\/wp-content\/uploads\/2021\/01\/IMG_1806-rotated.jpg 1512w\" sizes=\"auto, (max-width: 700px) 100vw, 700px\" \/><\/figure>\n\n\n\n<figure class=\"wp-block-image size-large\"><img loading=\"lazy\" decoding=\"async\" width=\"700\" height=\"989\" src=\"https:\/\/mgh-bochum.de\/wp-content\/uploads\/2021\/01\/B995B1D1-1302-4049-AC75-95C35866F4DA-700x989.png\" alt=\"\" class=\"wp-image-1232\" srcset=\"https:\/\/mgh-bochum.de\/wp-content\/uploads\/2021\/01\/B995B1D1-1302-4049-AC75-95C35866F4DA-700x989.png 700w, https:\/\/mgh-bochum.de\/wp-content\/uploads\/2021\/01\/B995B1D1-1302-4049-AC75-95C35866F4DA-212x300.png 212w, https:\/\/mgh-bochum.de\/wp-content\/uploads\/2021\/01\/B995B1D1-1302-4049-AC75-95C35866F4DA-768x1085.png 768w, https:\/\/mgh-bochum.de\/wp-content\/uploads\/2021\/01\/B995B1D1-1302-4049-AC75-95C35866F4DA-1087x1536.png 1087w, https:\/\/mgh-bochum.de\/wp-content\/uploads\/2021\/01\/B995B1D1-1302-4049-AC75-95C35866F4DA.png 1416w\" sizes=\"auto, (max-width: 700px) 100vw, 700px\" \/><\/figure>\n\n\n\n<figure class=\"wp-block-image size-large\"><img loading=\"lazy\" decoding=\"async\" width=\"700\" height=\"700\" src=\"https:\/\/mgh-bochum.de\/wp-content\/uploads\/2021\/01\/66b50d18-a072-4417-9dda-069e1ef98516-2-700x700.jpg\" alt=\"\" class=\"wp-image-1279\" srcset=\"https:\/\/mgh-bochum.de\/wp-content\/uploads\/2021\/01\/66b50d18-a072-4417-9dda-069e1ef98516-2-700x700.jpg 700w, https:\/\/mgh-bochum.de\/wp-content\/uploads\/2021\/01\/66b50d18-a072-4417-9dda-069e1ef98516-2-300x300.jpg 300w, https:\/\/mgh-bochum.de\/wp-content\/uploads\/2021\/01\/66b50d18-a072-4417-9dda-069e1ef98516-2-150x150.jpg 150w, https:\/\/mgh-bochum.de\/wp-content\/uploads\/2021\/01\/66b50d18-a072-4417-9dda-069e1ef98516-2-768x768.jpg 768w, https:\/\/mgh-bochum.de\/wp-content\/uploads\/2021\/01\/66b50d18-a072-4417-9dda-069e1ef98516-2.jpg 1080w\" sizes=\"auto, (max-width: 700px) 100vw, 700px\" \/><\/figure>\n\n\n\n<figure class=\"wp-block-image size-large\"><img loading=\"lazy\" decoding=\"async\" width=\"700\" height=\"700\" src=\"https:\/\/mgh-bochum.de\/wp-content\/uploads\/2021\/01\/20210118_135652_0000-700x700.png\" alt=\"\" class=\"wp-image-1231\" srcset=\"https:\/\/mgh-bochum.de\/wp-content\/uploads\/2021\/01\/20210118_135652_0000-700x700.png 700w, https:\/\/mgh-bochum.de\/wp-content\/uploads\/2021\/01\/20210118_135652_0000-300x300.png 300w, https:\/\/mgh-bochum.de\/wp-content\/uploads\/2021\/01\/20210118_135652_0000-150x150.png 150w, https:\/\/mgh-bochum.de\/wp-content\/uploads\/2021\/01\/20210118_135652_0000-768x768.png 768w, https:\/\/mgh-bochum.de\/wp-content\/uploads\/2021\/01\/20210118_135652_0000.png 1080w\" sizes=\"auto, (max-width: 700px) 100vw, 700px\" \/><\/figure>\n\n\n\n<figure class=\"wp-block-image size-large\"><img loading=\"lazy\" decoding=\"async\" width=\"700\" height=\"1244\" src=\"https:\/\/mgh-bochum.de\/wp-content\/uploads\/2021\/01\/855150C4-3F6F-48E3-9EAE-AFC4C69BC349-2-700x1244.jpg\" alt=\"\" class=\"wp-image-1278\" srcset=\"https:\/\/mgh-bochum.de\/wp-content\/uploads\/2021\/01\/855150C4-3F6F-48E3-9EAE-AFC4C69BC349-2-700x1244.jpg 700w, https:\/\/mgh-bochum.de\/wp-content\/uploads\/2021\/01\/855150C4-3F6F-48E3-9EAE-AFC4C69BC349-2-169x300.jpg 169w, https:\/\/mgh-bochum.de\/wp-content\/uploads\/2021\/01\/855150C4-3F6F-48E3-9EAE-AFC4C69BC349-2-768x1365.jpg 768w, https:\/\/mgh-bochum.de\/wp-content\/uploads\/2021\/01\/855150C4-3F6F-48E3-9EAE-AFC4C69BC349-2-864x1536.jpg 864w, https:\/\/mgh-bochum.de\/wp-content\/uploads\/2021\/01\/855150C4-3F6F-48E3-9EAE-AFC4C69BC349-2-rotated.jpg 1080w\" sizes=\"auto, (max-width: 700px) 100vw, 700px\" \/><\/figure>\n","protected":false},"excerpt":{"rendered":"<p>Der Kinder- und Jugendtreff im Mehrgenerationenhaus richtet sich an zwei unterschiedliche Altersgruppen: Kinder von 6-13 Jahren und Jugendliche von 13-21 Jahren. \u00a0 Der Kinderbereich: Der Kinderbereich ist montags- freitags von 14.00-17.00 Uhr ge\u00f6ffnet und bietet ein abwechslungsreiches Programm. Montag:\u00a0 \u00a0 \u00a0 \u00a0 \u00a0 Kreativtag-Basteln und WerkenDienstag:\u00a0 \u00a0 \u00a0 \u00a0Computerwerkstatt und Konsolenspiele &#8211; digitale MedienMittwoch:\u00a0 \u00a0 [&hellip;]<\/p>\n","protected":false},"author":1,"featured_media":0,"parent":18,"menu_order":10,"comment_status":"closed","ping_status":"closed","template":"","meta":{"footnotes":""},"class_list":["post-20","page","type-page","status-publish"],"_links":{"self":[{"href":"https:\/\/mgh-bochum.de\/index.php?rest_route=\/wp\/v2\/pages\/20","targetHints":{"allow":["GET"]}}],"collection":[{"href":"https:\/\/mgh-bochum.de\/index.php?rest_route=\/wp\/v2\/pages"}],"about":[{"href":"https:\/\/mgh-bochum.de\/index.php?rest_route=\/wp\/v2\/types\/page"}],"author":[{"embeddable":true,"href":"https:\/\/mgh-bochum.de\/index.php?rest_route=\/wp\/v2\/users\/1"}],"replies":[{"embeddable":true,"href":"https:\/\/mgh-bochum.de\/index.php?rest_route=%2Fwp%2Fv2%2Fcomments&post=20"}],"version-history":[{"count":41,"href":"https:\/\/mgh-bochum.de\/index.php?rest_route=\/wp\/v2\/pages\/20\/revisions"}],"predecessor-version":[{"id":2371,"href":"https:\/\/mgh-bochum.de\/index.php?rest_route=\/wp\/v2\/pages\/20\/revisions\/2371"}],"up":[{"embeddable":true,"href":"https:\/\/mgh-bochum.de\/index.php?rest_route=\/wp\/v2\/pages\/18"}],"wp:attachment":[{"href":"https:\/\/mgh-bochum.de\/index.php?rest_route=%2Fwp%2Fv2%2Fmedia&parent=20"}],"curies":[{"name":"wp","href":"https:\/\/api.w.org\/{rel}","templated":true}]}}