{"id":65,"date":"2016-12-02T22:33:41","date_gmt":"2016-12-02T21:33:41","guid":{"rendered":"http:\/\/mgh.ifak-bochum.de\/?page_id=65"},"modified":"2021-02-25T15:04:23","modified_gmt":"2021-02-25T14:04:23","slug":"der-containertreff-ct","status":"publish","type":"page","link":"https:\/\/mgh-bochum.de\/?page_id=65","title":{"rendered":"Der Containertreff \u201eCT\u201c-Dahlsen 44"},"content":{"rendered":"<h2><a href=\"http:\/\/mgh-bochum.de\/wp-content\/uploads\/2020\/01\/admin-ajax.jpg\"><img loading=\"lazy\" decoding=\"async\" class=\"alignleft size-full wp-image-707\" src=\"http:\/\/mgh-bochum.de\/wp-content\/uploads\/2020\/01\/admin-ajax.jpg\" alt=\"\" width=\"50\" height=\"91\"><\/a><a href=\"http:\/\/mgh-bochum.de\/wp-content\/uploads\/2020\/01\/IMG_0868-1030x773-1.jpg\"><img loading=\"lazy\" decoding=\"async\" class=\"size-full wp-image-709 aligncenter\" src=\"http:\/\/mgh-bochum.de\/wp-content\/uploads\/2020\/01\/IMG_0868-1030x773-1.jpg\" alt=\"\" width=\"1030\" height=\"773\" srcset=\"https:\/\/mgh-bochum.de\/wp-content\/uploads\/2020\/01\/IMG_0868-1030x773-1.jpg 1030w, https:\/\/mgh-bochum.de\/wp-content\/uploads\/2020\/01\/IMG_0868-1030x773-1-300x225.jpg 300w, https:\/\/mgh-bochum.de\/wp-content\/uploads\/2020\/01\/IMG_0868-1030x773-1-700x525.jpg 700w, https:\/\/mgh-bochum.de\/wp-content\/uploads\/2020\/01\/IMG_0868-1030x773-1-768x576.jpg 768w, https:\/\/mgh-bochum.de\/wp-content\/uploads\/2020\/01\/IMG_0868-1030x773-1-320x240.jpg 320w\" sizes=\"auto, (max-width: 1030px) 100vw, 1030px\" \/><\/a><\/h2>\n<h2>F\u00fcr Kinder und Jugendliche<\/h2>\n<p>Unsere Dependence &#8222;ContainerTreff&#8220;, Am Ruhrort 2&#8243; steht allen Jugendlichen nun auch an den Wochenenden zur Verf\u00fcgung. Von den Jugendlichen selbstorganisiert wird diese Einrichtung samstags und sonntags von 15.00-18.00 Uhr.<br \/>\nDer Container wurde von den Jugendlichen renoviert und neu gestaltet,<br \/>\ndie Einrichtung bietet jede Menge M\u00f6glichkeiten der Freizeitgestaltung und Unterhaltung.<\/p>\n<p>Ausgestattet mit modernen Spielen, gem\u00fctlichen M\u00f6beln und K\u00fcche, kann man hier Freunde treffen und gemeinsam Spa\u00df haben.<br \/>\nIn der Woche stehen die R\u00e4umlichkeiten nach Absprache einzelnen Jugendgruppen zur Nutzung zur Verf\u00fcgung.<\/p>\n<p>Ausserdem k\u00f6nnen die Jugendlichen auch am Wochenende Bewerbungen schreiben und auch ihre Bewerbungsmappen erstellen. Es sind zwei PC&#8217;s mit Internetzugang und ein Drucker vorhanden.<\/p>\n<p>Ansprechpartner: Ahmet Ayg\u00fcn<br \/>\nMontags-Freitags: 14.00-20.00 Uhr<br \/>\nTel: 0234 \/ 94 22 337<\/p>\n<p>Mail: dj[at]ifak-bochum.de<\/p>\n","protected":false},"excerpt":{"rendered":"<p>F\u00fcr Kinder und Jugendliche Unsere Dependence &#8222;ContainerTreff&#8220;, Am Ruhrort 2&#8243; steht allen Jugendlichen nun auch an den Wochenenden zur Verf\u00fcgung. Von den Jugendlichen selbstorganisiert wird diese Einrichtung samstags und sonntags von 15.00-18.00 Uhr. Der Container wurde von den Jugendlichen renoviert und neu gestaltet, die Einrichtung bietet jede Menge M\u00f6glichkeiten der Freizeitgestaltung und Unterhaltung. Ausgestattet mit [&hellip;]<\/p>\n","protected":false},"author":1,"featured_media":0,"parent":18,"menu_order":20,"comment_status":"closed","ping_status":"closed","template":"","meta":{"footnotes":""},"class_list":["post-65","page","type-page","status-publish"],"_links":{"self":[{"href":"https:\/\/mgh-bochum.de\/index.php?rest_route=\/wp\/v2\/pages\/65","targetHints":{"allow":["GET"]}}],"collection":[{"href":"https:\/\/mgh-bochum.de\/index.php?rest_route=\/wp\/v2\/pages"}],"about":[{"href":"https:\/\/mgh-bochum.de\/index.php?rest_route=\/wp\/v2\/types\/page"}],"author":[{"embeddable":true,"href":"https:\/\/mgh-bochum.de\/index.php?rest_route=\/wp\/v2\/users\/1"}],"replies":[{"embeddable":true,"href":"https:\/\/mgh-bochum.de\/index.php?rest_route=%2Fwp%2Fv2%2Fcomments&post=65"}],"version-history":[{"count":19,"href":"https:\/\/mgh-bochum.de\/index.php?rest_route=\/wp\/v2\/pages\/65\/revisions"}],"predecessor-version":[{"id":1485,"href":"https:\/\/mgh-bochum.de\/index.php?rest_route=\/wp\/v2\/pages\/65\/revisions\/1485"}],"up":[{"embeddable":true,"href":"https:\/\/mgh-bochum.de\/index.php?rest_route=\/wp\/v2\/pages\/18"}],"wp:attachment":[{"href":"https:\/\/mgh-bochum.de\/index.php?rest_route=%2Fwp%2Fv2%2Fmedia&parent=65"}],"curies":[{"name":"wp","href":"https:\/\/api.w.org\/{rel}","templated":true}]}}