{"id":67,"date":"2016-12-02T22:34:35","date_gmt":"2016-12-02T21:34:35","guid":{"rendered":"http:\/\/mgh.ifak-bochum.de\/?page_id=67"},"modified":"2021-02-25T14:20:44","modified_gmt":"2021-02-25T13:20:44","slug":"familien-und-seniorenarbeit","status":"publish","type":"page","link":"https:\/\/mgh-bochum.de\/?page_id=67","title":{"rendered":"Familien- und Seniorenarbeit"},"content":{"rendered":"<h2>Mitten in Dahlhausen<\/h2>\n<p>Seit der Fertigstellung unseres Stadtteilzentrums 1998 konnten wir mit Hilfe des Modellprojektes \u201emultikulturelle Familien- und Seniorenarbeit\u201c der Stiftung f\u00fcr Wohlfahrtspflege NRW unsere interkulturelle und generationen\u00fcbergreifende Arbeit aufbauen.<\/p>\n<p>Diese Arbeit setzen wir im Bundesprogramm der Mehrgenerationenh\u00e4user weiter fort. Unser Mehrgenerationenhaus wird mittlerweile von allen Altersgruppen und Menschen unterschiedlichster Herkunft besucht. W\u00fcnsche und Bedarfe von Senior*innen mit und ohne Migrationshintergrund sind uns bei der Umsetzung unserer Arbeit wichtig.<\/p>\n<p>Durch interkulturelle und intergenerative Projekte, Kurse, Feste, Konzerte und Informationsveranstaltungen hat die Begegnung\u00a0 unterschiedlicher Generationen\u00a0 und Kulturen schon Tradition. Im Jahr 2008 wurde das Bochumer Mehrgenerationenhaus vom <a href=\"https:\/\/www.bmfsfj.de\/bmfsfj\/ministerium\/ministerin-hausleitung\/organigramm\"><span class=\"orga-position\">Bundesministerin f\u00fcr Familie, Senioren, Frauen und Jugend<\/span><\/a> zum <span style=\"color: #fdc64e;\"><strong>Leuchtturmhaus<\/strong> <\/span>&#8222;Migration&#8220; ausgezeichnet.<\/p>\n<p>Auch nutzen selbstorganisierte Gruppen und Vereine regelm\u00e4\u00dfig unsere R\u00e4umlichkeiten. Die sozialr\u00e4umliche und gemeinwesenorientierte Arbeit er\u00f6ffnen uns Einblicke in die Lebenswelten sowohl der Migrantenfamilien als auch der hier ans\u00e4ssigen deutschen Familien, was sich in unserer vielschichtigen Angebotsstruktur widerspiegelt. Durch die traditionell d\u00f6rfliche Lage Dahlhausens ist das Freizeit- und Vereinsleben in diesem Stadtteil stark ausgepr\u00e4gt und so k\u00f6nnen wir auf bestehende Kooperationsstrukturen f\u00fcr unsere Arbeit zur\u00fcckgreifen. Die aktive Teilnahme an der Sozialraumkonferenz vernetzt uns mit allen Jugendhilfe- und auch zu den Einrichtungen der Altenhilfe bestehen gute Kontakte.<\/p>\n","protected":false},"excerpt":{"rendered":"<p>Mitten in Dahlhausen Seit der Fertigstellung unseres Stadtteilzentrums 1998 konnten wir mit Hilfe des Modellprojektes \u201emultikulturelle Familien- und Seniorenarbeit\u201c der Stiftung f\u00fcr Wohlfahrtspflege NRW unsere interkulturelle und generationen\u00fcbergreifende Arbeit aufbauen. Diese Arbeit setzen wir im Bundesprogramm der Mehrgenerationenh\u00e4user weiter fort. Unser Mehrgenerationenhaus wird mittlerweile von allen Altersgruppen und Menschen unterschiedlichster Herkunft besucht. W\u00fcnsche und Bedarfe [&hellip;]<\/p>\n","protected":false},"author":1,"featured_media":0,"parent":77,"menu_order":30,"comment_status":"closed","ping_status":"closed","template":"","meta":{"footnotes":""},"class_list":["post-67","page","type-page","status-publish"],"_links":{"self":[{"href":"https:\/\/mgh-bochum.de\/index.php?rest_route=\/wp\/v2\/pages\/67","targetHints":{"allow":["GET"]}}],"collection":[{"href":"https:\/\/mgh-bochum.de\/index.php?rest_route=\/wp\/v2\/pages"}],"about":[{"href":"https:\/\/mgh-bochum.de\/index.php?rest_route=\/wp\/v2\/types\/page"}],"author":[{"embeddable":true,"href":"https:\/\/mgh-bochum.de\/index.php?rest_route=\/wp\/v2\/users\/1"}],"replies":[{"embeddable":true,"href":"https:\/\/mgh-bochum.de\/index.php?rest_route=%2Fwp%2Fv2%2Fcomments&post=67"}],"version-history":[{"count":10,"href":"https:\/\/mgh-bochum.de\/index.php?rest_route=\/wp\/v2\/pages\/67\/revisions"}],"predecessor-version":[{"id":1464,"href":"https:\/\/mgh-bochum.de\/index.php?rest_route=\/wp\/v2\/pages\/67\/revisions\/1464"}],"up":[{"embeddable":true,"href":"https:\/\/mgh-bochum.de\/index.php?rest_route=\/wp\/v2\/pages\/77"}],"wp:attachment":[{"href":"https:\/\/mgh-bochum.de\/index.php?rest_route=%2Fwp%2Fv2%2Fmedia&parent=67"}],"curies":[{"name":"wp","href":"https:\/\/api.w.org\/{rel}","templated":true}]}}