{"id":7,"date":"2016-12-02T18:08:46","date_gmt":"2016-12-02T17:08:46","guid":{"rendered":"http:\/\/glossy.local\/~zarquon\/test\/wordpress\/wordpress461\/?page_id=7"},"modified":"2025-10-12T14:15:20","modified_gmt":"2025-10-12T12:15:20","slug":"ein-haus-in-dem-sich-generationen-und-kulturen-begegnen","status":"publish","type":"page","link":"https:\/\/mgh-bochum.de\/?page_id=7","title":{"rendered":"Das Mehrgenerationenhaus"},"content":{"rendered":"<h2><a href=\"https:\/\/mgh-bochum.de\/wp-content\/uploads\/2020\/01\/ifak.jpg\"><img loading=\"lazy\" decoding=\"async\" class=\"size-full wp-image-742 aligncenter\" src=\"https:\/\/mgh-bochum.de\/wp-content\/uploads\/2020\/01\/ifak.jpg\" alt=\"\" width=\"960\" height=\"590\" srcset=\"https:\/\/mgh-bochum.de\/wp-content\/uploads\/2020\/01\/ifak.jpg 960w, https:\/\/mgh-bochum.de\/wp-content\/uploads\/2020\/01\/ifak-300x184.jpg 300w, https:\/\/mgh-bochum.de\/wp-content\/uploads\/2020\/01\/ifak-700x430.jpg 700w, https:\/\/mgh-bochum.de\/wp-content\/uploads\/2020\/01\/ifak-768x472.jpg 768w\" sizes=\"auto, (max-width: 960px) 100vw, 960px\" \/><\/a><\/h2>\n<h2>Ein Haus, in dem sich Generationen und Kulturen begegnen<\/h2>\n<p>Das Stadtteilzentrum Dahlhausen wurde 1998 mit Unterst\u00fctzung der Stiftung f\u00fcr Wohlfahrtspflege NRW von der IFAK e.V., dem Verein f\u00fcr multikulturelle Kinder- und Jugendhilfe \u2013\u00a0Migrationsarbeit, erbaut.<br \/>\nErstmalig wurden in dieser Einrichtung Angebote f\u00fcr deutsche und nichtdeutsche Senioren und deren Familien neben dem offenen Kinder- und Jugendbereich installiert.<br \/>\nMittlerweile steht dieses Haus f\u00fcr ein Miteinander der Generationen und dar\u00fcber hinaus f\u00fcr den Austausch zwischen den Kulturen.<br \/>\nMit unseren zahlreichen Angeboten sehen wir uns in dem Programm der Mehrgenerationenh\u00e4user, das vom Bundesfamilienministerium ins Leben gerufen wurde, gut aufgehoben.<br \/>\nUnser multikulturelles Konzept spiegelt sich auch in der Zusammensetzung unserer Teams wieder, bewusst arbeiten hier Menschen unterschiedlicher Herkunft in verschiedenen Bereichen zusammen.<\/p>\n<p>Auf drei freundlich gestalteten Etagen wird ein vielf\u00e4ltiges Programm f\u00fcr unterschiedliche Alters- und Interessensgruppen angeboten.<\/p>\n<p>Unter dem Motto \u201eNiemand ist zu alt zu lernen, niemand zu jung, um Wissen weiter zu geben\u201c laden wir interessierte Menschen unterschiedlichster Altersgruppen herzlich \u00a0mit ihrem eigenen K\u00f6nnen und Wissen, ihren W\u00fcnschen und Interessen\u00a0zur Mitgestaltung, in unser Haus ein. Denn auch Eigeninitiative findet bei uns ihren Raum, so f\u00f6rdern und unterst\u00fctzen wir \u00a0selbst organisierte Gruppen und Aktivit\u00e4ten, von der Krabbelgruppe bis hin zu Selbsthilfegruppen.<\/p>\n<p>Andere Kulturen kennen lernen und gemeinsam feiern st\u00e4rkt das nachbarschaftliche Miteinander, so sehen wir unsere Feste und Kulturveranstaltungen als eine wunderbare M\u00f6glichkeit,\u00a0interessante und interkulturelle Begegnungen zu erleben.<\/p>\n<p>Unser MGH Stadtteilb\u00fcro bietet ihnen Montag-Freitag von 12.00-16.00 Uhr Informationen \u00fcber alle Angebote unseres Hauses und die unserer Kooperationspartner. Gerne vermitteln wir Sie bei Bedarf auch weiter an zust\u00e4ndige Dienstleister vor Ort.<\/p>\n<p>Ansprechpartnerinnen:<\/p>\n<p>Ayse Ert\u00fcrk<br \/>\n(Einrichtungsleiterin)<\/p>\n<p>Tel: 0234 \/ 94 22 336 Fax: 0234 \/ 94 22 338<br \/>\nMail: stadtteilzentrum[at]ifak-bochum.de<\/p>\n<p>Fanschalaktion in den Mehrgenerationenh\u00e4usern<\/p>\n<p><div class=\"youtube-embed\" data-video_id=\"-DZaRK7Gwls\"><iframe loading=\"lazy\" title=\"\u201eIch bin ein Fan der Mehrgenerationenh\u00e4user, weil\u2026\u201c | Fanschal-Aktion der Mehrgenerationenh\u00e4user\" width=\"696\" height=\"392\" src=\"https:\/\/www.youtube.com\/embed\/-DZaRK7Gwls?feature=oembed&#038;enablejsapi=1\" frameborder=\"0\" allow=\"accelerometer; autoplay; clipboard-write; encrypted-media; gyroscope; picture-in-picture; web-share\" referrerpolicy=\"strict-origin-when-cross-origin\" allowfullscreen><\/iframe><\/div><\/p>\n<p>&nbsp;<\/p>\n<p>Filmbeitrag zu den Mehrgenerationenh\u00e4usern:<\/p>\n<p><iframe loading=\"lazy\" title=\"\u201eDas Bundesprogramm Mehrgenerationenhaus stellt sich vor (2017)\u201d\" width=\"696\" height=\"392\" src=\"https:\/\/www.youtube.com\/embed\/CVD1PZckYB0?feature=oembed\" frameborder=\"0\" allow=\"accelerometer; autoplay; clipboard-write; encrypted-media; gyroscope; picture-in-picture; web-share\" referrerpolicy=\"strict-origin-when-cross-origin\" allowfullscreen><\/iframe><\/p>\n\n\n<p>Die MGH Serie: &#8222;Ein Ort voller Leben&#8220; ist raus! Die Serie spielt im MGH in Berlin.  Schaut sie euch auf Youtube an!<\/p>\n\n\n\n<figure class=\"wp-block-embed is-type-video is-provider-youtube wp-block-embed-youtube wp-embed-aspect-16-9 wp-has-aspect-ratio\"><div class=\"wp-block-embed__wrapper\">\n<div class=\"youtube-embed\" data-video_id=\"FszhAM7LWVg\"><iframe loading=\"lazy\" title=\"Ein Ort voller Leben | EPISODE 1: Die Neue\" width=\"696\" height=\"392\" src=\"https:\/\/www.youtube.com\/embed\/FszhAM7LWVg?list=PLVvNcE1KWVn8V1Tgh_7clzzHMrERythai\" frameborder=\"0\" allow=\"accelerometer; autoplay; clipboard-write; encrypted-media; gyroscope; picture-in-picture; web-share\" referrerpolicy=\"strict-origin-when-cross-origin\" allowfullscreen><\/iframe><\/div>\n<\/div><\/figure>\n\n\n\n<figure class=\"wp-block-embed is-type-video is-provider-youtube wp-block-embed-youtube wp-embed-aspect-16-9 wp-has-aspect-ratio\"><div class=\"wp-block-embed__wrapper\">\n<div class=\"youtube-embed\" data-video_id=\"SQHzGaD64Yw\"><iframe loading=\"lazy\" title=\"Ein Ort voller Leben |  EPISODE 2 : Wo ist Nora?\" width=\"696\" height=\"392\" src=\"https:\/\/www.youtube.com\/embed\/SQHzGaD64Yw?list=PLVvNcE1KWVn8V1Tgh_7clzzHMrERythai\" frameborder=\"0\" allow=\"accelerometer; autoplay; clipboard-write; encrypted-media; gyroscope; picture-in-picture; web-share\" referrerpolicy=\"strict-origin-when-cross-origin\" allowfullscreen><\/iframe><\/div>\n<\/div><\/figure>\n\n\n\n<figure class=\"wp-block-embed is-type-video is-provider-youtube wp-block-embed-youtube wp-embed-aspect-16-9 wp-has-aspect-ratio\"><div class=\"wp-block-embed__wrapper\">\n<div class=\"youtube-embed\" data-video_id=\"WB8SCce3924\"><iframe loading=\"lazy\" title=\"Ein Ort voller Leben |  EPISODE 3 : Moment der Wahrheit\" width=\"696\" height=\"392\" src=\"https:\/\/www.youtube.com\/embed\/WB8SCce3924?list=PLVvNcE1KWVn8V1Tgh_7clzzHMrERythai\" frameborder=\"0\" allow=\"accelerometer; autoplay; clipboard-write; encrypted-media; gyroscope; picture-in-picture; web-share\" referrerpolicy=\"strict-origin-when-cross-origin\" allowfullscreen><\/iframe><\/div>\n<\/div><\/figure>\n","protected":false},"excerpt":{"rendered":"<p>Ein Haus, in dem sich Generationen und Kulturen begegnen Das Stadtteilzentrum Dahlhausen wurde 1998 mit Unterst\u00fctzung der Stiftung f\u00fcr Wohlfahrtspflege NRW von der IFAK e.V., dem Verein f\u00fcr multikulturelle Kinder- und Jugendhilfe \u2013\u00a0Migrationsarbeit, erbaut. Erstmalig wurden in dieser Einrichtung Angebote f\u00fcr deutsche und nichtdeutsche Senioren und deren Familien neben dem offenen Kinder- und Jugendbereich installiert. [&hellip;]<\/p>\n","protected":false},"author":2,"featured_media":0,"parent":0,"menu_order":0,"comment_status":"closed","ping_status":"closed","template":"","meta":{"footnotes":""},"class_list":["post-7","page","type-page","status-publish"],"_links":{"self":[{"href":"https:\/\/mgh-bochum.de\/index.php?rest_route=\/wp\/v2\/pages\/7","targetHints":{"allow":["GET"]}}],"collection":[{"href":"https:\/\/mgh-bochum.de\/index.php?rest_route=\/wp\/v2\/pages"}],"about":[{"href":"https:\/\/mgh-bochum.de\/index.php?rest_route=\/wp\/v2\/types\/page"}],"author":[{"embeddable":true,"href":"https:\/\/mgh-bochum.de\/index.php?rest_route=\/wp\/v2\/users\/2"}],"replies":[{"embeddable":true,"href":"https:\/\/mgh-bochum.de\/index.php?rest_route=%2Fwp%2Fv2%2Fcomments&post=7"}],"version-history":[{"count":68,"href":"https:\/\/mgh-bochum.de\/index.php?rest_route=\/wp\/v2\/pages\/7\/revisions"}],"predecessor-version":[{"id":2501,"href":"https:\/\/mgh-bochum.de\/index.php?rest_route=\/wp\/v2\/pages\/7\/revisions\/2501"}],"wp:attachment":[{"href":"https:\/\/mgh-bochum.de\/index.php?rest_route=%2Fwp%2Fv2%2Fmedia&parent=7"}],"curies":[{"name":"wp","href":"https:\/\/api.w.org\/{rel}","templated":true}]}}