{"id":71,"date":"2016-12-02T22:36:14","date_gmt":"2016-12-02T21:36:14","guid":{"rendered":"http:\/\/mgh.ifak-bochum.de\/?page_id=71"},"modified":"2023-03-10T14:26:14","modified_gmt":"2023-03-10T13:26:14","slug":"stadtteilzeitung-tausch","status":"publish","type":"page","link":"https:\/\/mgh-bochum.de\/?page_id=71","title":{"rendered":"Stadtteilzeitung \u201eTausch\u201c"},"content":{"rendered":"\n<h2 class=\"wp-block-heading\">Die neue &#8222;Tausch&#8220; ist da, letzte Ausgabe: Dezember 2022 &#8211; gerne im MGH abholen. <\/h2>\n\n\n\n<div data-wp-interactive=\"core\/file\" class=\"wp-block-file\"><object data-wp-bind--hidden=\"!state.hasPdfPreview\" hidden class=\"wp-block-file__embed\" data=\"https:\/\/mgh-bochum.de\/wp-content\/uploads\/2023\/03\/Tausch-Dez-2022-HP-Upload-1.pdf\" type=\"application\/pdf\" style=\"width:100%;height:600px\" aria-label=\"Einbettung von Tausch-Dez-2022-HP-Upload-1.\"><\/object><a id=\"wp-block-file--media-384e4572-d277-43d4-908b-0be9d784bd58\" href=\"https:\/\/mgh-bochum.de\/wp-content\/uploads\/2023\/03\/Tausch-Dez-2022-HP-Upload-1.pdf\">Tausch-Dez-2022-HP-Upload-1<\/a><a href=\"https:\/\/mgh-bochum.de\/wp-content\/uploads\/2023\/03\/Tausch-Dez-2022-HP-Upload-1.pdf\" class=\"wp-block-file__button wp-element-button\" download aria-describedby=\"wp-block-file--media-384e4572-d277-43d4-908b-0be9d784bd58\">Herunterladen<\/a><\/div>\n\n\n\n<figure class=\"wp-block-image size-large\"><img loading=\"lazy\" decoding=\"async\" width=\"700\" height=\"973\" src=\"https:\/\/mgh-bochum.de\/wp-content\/uploads\/2020\/12\/image002-700x973.png\" alt=\"\" class=\"wp-image-1199\" srcset=\"https:\/\/mgh-bochum.de\/wp-content\/uploads\/2020\/12\/image002-700x973.png 700w, https:\/\/mgh-bochum.de\/wp-content\/uploads\/2020\/12\/image002-216x300.png 216w, https:\/\/mgh-bochum.de\/wp-content\/uploads\/2020\/12\/image002.png 739w\" sizes=\"auto, (max-width: 700px) 100vw, 700px\" \/><\/figure>\n\n\n<h1>Stadtteilzeitung \u201eTausch\u201c<\/h1>\n<h2>-interkulturell-<br>-generationen\u00fcbergreifend-<br>-informativ-<br>-innovativ-<\/h2>\n<p>\u201eTausch\u201c- steht f\u00fcr den Austausch von Meinungen, Themen, Dienstleistungen, interkulturellen und generations\u00fcbergreifenden Erfahrungen, Erlebnissen und Kompetenzen.<\/p>\n<p><b>Ziele der Zeitung \u201cTausch\u201c:<\/b><\/p>\n<ul>\n<li>F\u00f6rderung von Meinungsaustausch und Meinungsbildung&nbsp;im Stadtteil&nbsp;mit kommunaler Wirkung<\/li>\n<li>F\u00f6rderung des generationen\u00fcbergreifenden und interkulturellen Zusammenlebens<\/li>\n<li>Plattform f\u00fcr die Stadtteilb\u00f6rse des Mehrgenerationenhauses<\/li>\n<li>Dienstleistungsdrehscheibe mit den Schwerpunkten Familie, Bildung\/Ausbildung, Vereinbarkeit von Familie und Beruf<\/li>\n<li>Transport von stadtteilrelevanten&nbsp;Themen<\/li>\n<li>Forum f\u00fcr aktive Beteiligung von Stadtteilbewohnern\/innen, Institutionen, Beh\u00f6rden, lokaler Wirtschaft und Vereine<\/li>\n<\/ul>","protected":false},"excerpt":{"rendered":"<p>Die neue &#8222;Tausch&#8220; ist da, letzte Ausgabe: Dezember 2022 &#8211; gerne im MGH abholen. Stadtteilzeitung \u201eTausch\u201c -interkulturell&#8211;generationen\u00fcbergreifend&#8211;informativ&#8211;innovativ- \u201eTausch\u201c- steht f\u00fcr den Austausch von Meinungen, Themen, Dienstleistungen, interkulturellen und generations\u00fcbergreifenden Erfahrungen, Erlebnissen und Kompetenzen. Ziele der Zeitung \u201cTausch\u201c: F\u00f6rderung von Meinungsaustausch und Meinungsbildung&nbsp;im Stadtteil&nbsp;mit kommunaler Wirkung F\u00f6rderung des generationen\u00fcbergreifenden und interkulturellen Zusammenlebens Plattform f\u00fcr die Stadtteilb\u00f6rse [&hellip;]<\/p>\n","protected":false},"author":1,"featured_media":0,"parent":88,"menu_order":10,"comment_status":"closed","ping_status":"closed","template":"","meta":{"footnotes":""},"class_list":["post-71","page","type-page","status-publish"],"_links":{"self":[{"href":"https:\/\/mgh-bochum.de\/index.php?rest_route=\/wp\/v2\/pages\/71","targetHints":{"allow":["GET"]}}],"collection":[{"href":"https:\/\/mgh-bochum.de\/index.php?rest_route=\/wp\/v2\/pages"}],"about":[{"href":"https:\/\/mgh-bochum.de\/index.php?rest_route=\/wp\/v2\/types\/page"}],"author":[{"embeddable":true,"href":"https:\/\/mgh-bochum.de\/index.php?rest_route=\/wp\/v2\/users\/1"}],"replies":[{"embeddable":true,"href":"https:\/\/mgh-bochum.de\/index.php?rest_route=%2Fwp%2Fv2%2Fcomments&post=71"}],"version-history":[{"count":29,"href":"https:\/\/mgh-bochum.de\/index.php?rest_route=\/wp\/v2\/pages\/71\/revisions"}],"predecessor-version":[{"id":2234,"href":"https:\/\/mgh-bochum.de\/index.php?rest_route=\/wp\/v2\/pages\/71\/revisions\/2234"}],"up":[{"embeddable":true,"href":"https:\/\/mgh-bochum.de\/index.php?rest_route=\/wp\/v2\/pages\/88"}],"wp:attachment":[{"href":"https:\/\/mgh-bochum.de\/index.php?rest_route=%2Fwp%2Fv2%2Fmedia&parent=71"}],"curies":[{"name":"wp","href":"https:\/\/api.w.org\/{rel}","templated":true}]}}