{"id":73,"date":"2016-12-02T22:36:55","date_gmt":"2016-12-02T21:36:55","guid":{"rendered":"http:\/\/mgh.ifak-bochum.de\/?page_id=73"},"modified":"2021-02-25T14:27:42","modified_gmt":"2021-02-25T13:27:42","slug":"projekte-im-mehrgenerationenhaus","status":"publish","type":"page","link":"https:\/\/mgh-bochum.de\/?page_id=73","title":{"rendered":"Abgeschlossene Projekte"},"content":{"rendered":"<h2>Abgeschlossene Projekte<\/h2>\n<p>Projekentwicklung im MGH bedeutet f\u00fcr uns nicht nur die so dringend notwendige zus\u00e4tzliche Finanzierung, sondern auch Innovation und Entwicklung f\u00fcr eine bedarfsgerechte und zielgruppenorientierte Arbeit.<\/p>\n<p>Die Ideen zu neuen Projekten entstehen in der Alltagsarbeit mit unseren Kunden und werden im Team ausgearbeitet. Unterschiedliche Kompetenzen des Teams, \u00a0der ehrenamtlich Engagierten und Nutzern und Nutzerinnen des Hauses erzeugen die Synergien, die wir f\u00fcr eine st\u00e4ndige Weiterentwicklung der Arbeitsbereiche optimal nutzen.<\/p>\n<p>Doch auch neue, sowie langj\u00e4hrige Kooperationspartner inspirieren uns zu gemeinsamen Projekten. Sie unterst\u00fctzen uns auch in unserer Netzwerkarbeit, ohne die unsere Projektentwicklung und deren Realisierung h\u00e4ufig gar nicht m\u00f6glich w\u00e4ren.<\/p>\n<p>Projektarbeit bedeutet f\u00fcr uns auch, unsere Arbeit und somit die Menschen, die diese in Anspruch nehmen, nachhaltig zu st\u00e4rken.<\/p>\n<ul>\n<li>Das Projekt \u201eLosgehen.Ankommen.\u201c mit dem biografischen\u00a0Kofferprojekt \u2013\u00a0gef\u00f6rdert durch die Stiftung f\u00fcr Wohlfahrtspflege NRW<\/li>\n<li>Das Projekt\u00a0\u201eLebensWeise\u201c\u00a0\u2013\u00a0gef\u00f6rdert durch das Bundesministerium f\u00fcr Migration und Fl\u00fcchtlinge\u00a0mit der gemeinsam erstellen Ausstellung \u201eGurbet-Die Fremde\u201c, die ebenfalls von der Integrationsagentur \u00a0unterst\u00fctzt wurde<\/li>\n<li>\u201eLernwerkstatt\u201c\u00a0\u2013 gef\u00f6rdert mit Unterst\u00fctzung des Jugendamtes Bochum, der Sparkasse Bochum und der Aktion Mensch<\/li>\n<li>Projekt \u201eGeneration Zukunft\u201c eine Initiative der Jugendsozialarbeit und der Jugendverb\u00e4nde NRW<\/li>\n<li>Projekt \u201eGemeinsam stark in die Zukunft\u201c gef\u00f6rdert mit der Unterst\u00fctzung des Jugendamtes Bochum<\/li>\n<li>Das Bundesprogramm &#8222;Starke Netzwerke Elterngebleitung f\u00fcr gefl\u00fcchtete Familien&#8220; &#8211; umgesetzt durch das Projekt &#8222;Bochumer Netzwerk Elternbegleitung&#8220; gef\u00f6rdert durch das Bundesministerium f\u00fcr Familie, Senioren, Frauen und Jugend<\/li>\n<\/ul>\n<p>Ansprechpartnerin: Ayse Ert\u00fcrk<br \/>\nTel: 0234 \/ 94 22 336<br \/>\nFax: 0234 \/ 94 22 338<br \/>\nMail:stadtteilzentrum[at]ifak-bochum.de<\/p>\n","protected":false},"excerpt":{"rendered":"<p>Abgeschlossene Projekte Projekentwicklung im MGH bedeutet f\u00fcr uns nicht nur die so dringend notwendige zus\u00e4tzliche Finanzierung, sondern auch Innovation und Entwicklung f\u00fcr eine bedarfsgerechte und zielgruppenorientierte Arbeit. Die Ideen zu neuen Projekten entstehen in der Alltagsarbeit mit unseren Kunden und werden im Team ausgearbeitet. Unterschiedliche Kompetenzen des Teams, \u00a0der ehrenamtlich Engagierten und Nutzern und Nutzerinnen [&hellip;]<\/p>\n","protected":false},"author":1,"featured_media":0,"parent":7,"menu_order":65,"comment_status":"closed","ping_status":"closed","template":"","meta":{"footnotes":""},"class_list":["post-73","page","type-page","status-publish"],"_links":{"self":[{"href":"https:\/\/mgh-bochum.de\/index.php?rest_route=\/wp\/v2\/pages\/73","targetHints":{"allow":["GET"]}}],"collection":[{"href":"https:\/\/mgh-bochum.de\/index.php?rest_route=\/wp\/v2\/pages"}],"about":[{"href":"https:\/\/mgh-bochum.de\/index.php?rest_route=\/wp\/v2\/types\/page"}],"author":[{"embeddable":true,"href":"https:\/\/mgh-bochum.de\/index.php?rest_route=\/wp\/v2\/users\/1"}],"replies":[{"embeddable":true,"href":"https:\/\/mgh-bochum.de\/index.php?rest_route=%2Fwp%2Fv2%2Fcomments&post=73"}],"version-history":[{"count":8,"href":"https:\/\/mgh-bochum.de\/index.php?rest_route=\/wp\/v2\/pages\/73\/revisions"}],"predecessor-version":[{"id":1468,"href":"https:\/\/mgh-bochum.de\/index.php?rest_route=\/wp\/v2\/pages\/73\/revisions\/1468"}],"up":[{"embeddable":true,"href":"https:\/\/mgh-bochum.de\/index.php?rest_route=\/wp\/v2\/pages\/7"}],"wp:attachment":[{"href":"https:\/\/mgh-bochum.de\/index.php?rest_route=%2Fwp%2Fv2%2Fmedia&parent=73"}],"curies":[{"name":"wp","href":"https:\/\/api.w.org\/{rel}","templated":true}]}}