{"id":75,"date":"2016-12-02T22:39:13","date_gmt":"2016-12-02T21:39:13","guid":{"rendered":"http:\/\/mgh.ifak-bochum.de\/?page_id=75"},"modified":"2023-03-09T11:53:17","modified_gmt":"2023-03-09T10:53:17","slug":"biografien","status":"publish","type":"page","link":"https:\/\/mgh-bochum.de\/?page_id=75","title":{"rendered":"Werkstatt Vielfalt"},"content":{"rendered":"\n<p>Fahrrad-Werkstatt, Reparatur Caf\u00e9 und Nachhaltigkeit im Mehrgenerationenhaus<\/p>\n\n\n\n<figure class=\"wp-block-image size-large is-resized\"><img loading=\"lazy\" decoding=\"async\" src=\"https:\/\/mgh-bochum.de\/wp-content\/uploads\/2023\/03\/Zitat-Neon-Instagram-Post3-700x700.jpg\" alt=\"\" class=\"wp-image-2226\" width=\"700\" height=\"700\" srcset=\"https:\/\/mgh-bochum.de\/wp-content\/uploads\/2023\/03\/Zitat-Neon-Instagram-Post3-700x700.jpg 700w, https:\/\/mgh-bochum.de\/wp-content\/uploads\/2023\/03\/Zitat-Neon-Instagram-Post3-300x300.jpg 300w, https:\/\/mgh-bochum.de\/wp-content\/uploads\/2023\/03\/Zitat-Neon-Instagram-Post3-150x150.jpg 150w, https:\/\/mgh-bochum.de\/wp-content\/uploads\/2023\/03\/Zitat-Neon-Instagram-Post3-768x768.jpg 768w, https:\/\/mgh-bochum.de\/wp-content\/uploads\/2023\/03\/Zitat-Neon-Instagram-Post3-696x696.jpg 696w, https:\/\/mgh-bochum.de\/wp-content\/uploads\/2023\/03\/Zitat-Neon-Instagram-Post3-1068x1068.jpg 1068w, https:\/\/mgh-bochum.de\/wp-content\/uploads\/2023\/03\/Zitat-Neon-Instagram-Post3.jpg 1080w\" sizes=\"auto, (max-width: 700px) 100vw, 700px\" \/><\/figure>\n\n\n\n<p><\/p>\n\n\n\n<p><\/p>\n\n\n\n<h2 class=\"wp-block-heading\">Werkstatt Vielfalt<\/h2>\n\n\n<div class=\"wp-block-image\">\n<figure class=\"aligncenter size-large\"><img loading=\"lazy\" decoding=\"async\" width=\"700\" height=\"393\" src=\"http:\/\/mgh-bochum.de\/wp-content\/uploads\/2020\/08\/96277480-b781-11ea-98cd-c5b36d99a317-700x393.jpg\" alt=\"\" class=\"wp-image-854\" srcset=\"https:\/\/mgh-bochum.de\/wp-content\/uploads\/2020\/08\/96277480-b781-11ea-98cd-c5b36d99a317-700x393.jpg 700w, https:\/\/mgh-bochum.de\/wp-content\/uploads\/2020\/08\/96277480-b781-11ea-98cd-c5b36d99a317-300x169.jpg 300w, https:\/\/mgh-bochum.de\/wp-content\/uploads\/2020\/08\/96277480-b781-11ea-98cd-c5b36d99a317-768x431.jpg 768w, https:\/\/mgh-bochum.de\/wp-content\/uploads\/2020\/08\/96277480-b781-11ea-98cd-c5b36d99a317.jpg 940w\" sizes=\"auto, (max-width: 700px) 100vw, 700px\" \/><\/figure>\n<\/div>\n\n\n<p class=\"has-text-align-left\">Unter dem Motto: &#8222;Reparieren statt Wegwerfen!&#8220; m\u00f6chten wir eine Offene Werkstatt am Stadtteilzentrum Dahlhausen aufbauen und eine Veranstaltungsreihe ins Leben rufen, wo Menschen aus dem Stadtteil gemeinsam defekte Gebrauchsgegenst\u00e4nde untersuchen und reparieren. Ehrenamtliche Reparaturhelferinnen und -helfer geben dabei ihr Wissen an Laien weiter und leisten so Hilfe zur Selbsthilfe. Durch das gemeinsame Reparieren setzen engagierte B\u00fcrgerinnen und B\u00fcrger ein Zeichen gegen eine sorglose Wegwerf-Gesellschaft und schonen obendrein wertvolle nat\u00fcrliche und menschliche Ressourcen, weil Gebrauchsg\u00fcter l\u00e4nger nutzbar bleiben. Auch die wieder Instand gesetzten Gegenst\u00e4nde erhalten eine neue Wertsch\u00e4tzung-statt auf dem M\u00fcll zu landen. Ziele des Projektes sind: Menschen verschiedener Generationen und Migrationshintergr\u00fcnde zusammen zu bringen, Alt und Jung lernen voneinander-Lernprozesse ansto\u00dfen, ein Bewusstsein f\u00fcr Ressourcen und Konsum zu schaffen, das Miteinander lokal zu st\u00e4rken, Menschen zwischen Arbeit und Ruhestand eine M\u00f6glichkeit der Beteiligung schaffen, Partizipationsprozesse f\u00fcr Jugendliche, Verst\u00e4ndnis f\u00fcr Umwelt und Technik, Anst\u00f6\u00dfe zur Berufsorientierung geben Angedacht ist, dass Teilnehmer*innen f\u00fcr dieses Projekt Spenden k\u00f6nnen, damit Verbrauchsmaterial refinanziert werden kann, Kaffee und Kuchen werden vom MGH gestellt und die Teilnehmer*innen haben die M\u00f6glichkeit, sich bei den Aktionen zu st\u00e4rkenUnter anderem wird eine Fahrradwerkstatt aufgebaut, <br>ein \u201e<strong>Do it yourself<\/strong>\u201c Workshop und eine offene Werkstatt f\u00fcr die Stadtteilbewohner*innen. Jeder ist herzlich willkommen und kann mitmachen.<\/p>\n\n\n\n<p><strong>Hier ein paar Beispiele aus unserem Programm: <\/strong><\/p>\n\n\n\n<p class=\"has-text-align-left has-large-font-size\"><a href=\"http:\/\/mgh-bochum.de\/wp-content\/uploads\/2020\/08\/96277480-b781-11ea-98cd-c5b36d99a317.jpg\" target=\"_blank\" rel=\"noreferrer noopener\"><strong>Mo,-Mit.;12:00-16:00 Uhr<\/strong><\/a><\/p>\n\n\n<p><\/p>\n<p><a href=\"https:\/\/mgh-bochum.de\/wp-content\/uploads\/2020\/11\/0001-13493393652_20201123_171946_0000.png\"><img loading=\"lazy\" decoding=\"async\" class=\"alignleft size-full wp-image-966\" src=\"https:\/\/mgh-bochum.de\/wp-content\/uploads\/2020\/11\/0001-13493393652_20201123_171946_0000.png\" alt=\"\" width=\"1080\" height=\"1080\" srcset=\"https:\/\/mgh-bochum.de\/wp-content\/uploads\/2020\/11\/0001-13493393652_20201123_171946_0000.png 1080w, https:\/\/mgh-bochum.de\/wp-content\/uploads\/2020\/11\/0001-13493393652_20201123_171946_0000-300x300.png 300w, https:\/\/mgh-bochum.de\/wp-content\/uploads\/2020\/11\/0001-13493393652_20201123_171946_0000-700x700.png 700w, https:\/\/mgh-bochum.de\/wp-content\/uploads\/2020\/11\/0001-13493393652_20201123_171946_0000-150x150.png 150w, https:\/\/mgh-bochum.de\/wp-content\/uploads\/2020\/11\/0001-13493393652_20201123_171946_0000-768x768.png 768w, https:\/\/mgh-bochum.de\/wp-content\/uploads\/2020\/11\/0001-13493393652_20201123_171946_0000-65x65.png 65w\" sizes=\"auto, (max-width: 1080px) 100vw, 1080px\" \/><\/a><a href=\"https:\/\/mgh-bochum.de\/wp-content\/uploads\/2020\/12\/0001-14005672648_20201204_195103_0000.png\"><img loading=\"lazy\" decoding=\"async\" class=\"alignleft size-full wp-image-1015\" src=\"https:\/\/mgh-bochum.de\/wp-content\/uploads\/2020\/12\/0001-14005672648_20201204_195103_0000.png\" alt=\"\" width=\"1080\" height=\"1080\" srcset=\"https:\/\/mgh-bochum.de\/wp-content\/uploads\/2020\/12\/0001-14005672648_20201204_195103_0000.png 1080w, https:\/\/mgh-bochum.de\/wp-content\/uploads\/2020\/12\/0001-14005672648_20201204_195103_0000-300x300.png 300w, https:\/\/mgh-bochum.de\/wp-content\/uploads\/2020\/12\/0001-14005672648_20201204_195103_0000-700x700.png 700w, https:\/\/mgh-bochum.de\/wp-content\/uploads\/2020\/12\/0001-14005672648_20201204_195103_0000-150x150.png 150w, https:\/\/mgh-bochum.de\/wp-content\/uploads\/2020\/12\/0001-14005672648_20201204_195103_0000-768x768.png 768w, https:\/\/mgh-bochum.de\/wp-content\/uploads\/2020\/12\/0001-14005672648_20201204_195103_0000-65x65.png 65w\" sizes=\"auto, (max-width: 1080px) 100vw, 1080px\" \/><\/a><a href=\"https:\/\/mgh-bochum.de\/wp-content\/uploads\/2020\/11\/0001-13801220970_20201130_183508_0000.png\"><img loading=\"lazy\" decoding=\"async\" class=\"alignleft size-full wp-image-1007\" src=\"https:\/\/mgh-bochum.de\/wp-content\/uploads\/2020\/11\/0001-13801220970_20201130_183508_0000.png\" alt=\"\" width=\"1080\" height=\"1080\" srcset=\"https:\/\/mgh-bochum.de\/wp-content\/uploads\/2020\/11\/0001-13801220970_20201130_183508_0000.png 1080w, https:\/\/mgh-bochum.de\/wp-content\/uploads\/2020\/11\/0001-13801220970_20201130_183508_0000-300x300.png 300w, https:\/\/mgh-bochum.de\/wp-content\/uploads\/2020\/11\/0001-13801220970_20201130_183508_0000-700x700.png 700w, https:\/\/mgh-bochum.de\/wp-content\/uploads\/2020\/11\/0001-13801220970_20201130_183508_0000-150x150.png 150w, https:\/\/mgh-bochum.de\/wp-content\/uploads\/2020\/11\/0001-13801220970_20201130_183508_0000-768x768.png 768w, https:\/\/mgh-bochum.de\/wp-content\/uploads\/2020\/11\/0001-13801220970_20201130_183508_0000-65x65.png 65w\" sizes=\"auto, (max-width: 1080px) 100vw, 1080px\" \/><\/a><a href=\"http:\/\/mgh-bochum.de\/wp-content\/uploads\/2020\/08\/werkstadt-scaled.jpeg\"><img loading=\"lazy\" decoding=\"async\" class=\"alignleft  wp-image-858\" src=\"http:\/\/mgh-bochum.de\/wp-content\/uploads\/2020\/08\/werkstadt-scaled.jpeg\" alt=\"\" width=\"157\" height=\"157\" srcset=\"https:\/\/mgh-bochum.de\/wp-content\/uploads\/2020\/08\/werkstadt-scaled.jpeg 2560w, https:\/\/mgh-bochum.de\/wp-content\/uploads\/2020\/08\/werkstadt-300x300.jpeg 300w, https:\/\/mgh-bochum.de\/wp-content\/uploads\/2020\/08\/werkstadt-700x700.jpeg 700w, https:\/\/mgh-bochum.de\/wp-content\/uploads\/2020\/08\/werkstadt-150x150.jpeg 150w, https:\/\/mgh-bochum.de\/wp-content\/uploads\/2020\/08\/werkstadt-768x768.jpeg 768w, https:\/\/mgh-bochum.de\/wp-content\/uploads\/2020\/08\/werkstadt-scaled-1536x1536.jpeg 1536w, https:\/\/mgh-bochum.de\/wp-content\/uploads\/2020\/08\/werkstadt-scaled-2048x2048.jpeg 2048w, https:\/\/mgh-bochum.de\/wp-content\/uploads\/2020\/08\/werkstadt-65x65.jpeg 65w\" sizes=\"auto, (max-width: 157px) 100vw, 157px\" \/><\/a><\/p>\n<p><a href=\"https:\/\/mgh-bochum.de\/wp-content\/uploads\/2021\/01\/0c44a075-3db4-42a7-a8f5-aceb20d4f07f.jpg\"><img loading=\"lazy\" decoding=\"async\" class=\"alignleft size-full wp-image-1236\" src=\"https:\/\/mgh-bochum.de\/wp-content\/uploads\/2021\/01\/0c44a075-3db4-42a7-a8f5-aceb20d4f07f.jpg\" alt=\"\" width=\"1080\" height=\"1080\" srcset=\"https:\/\/mgh-bochum.de\/wp-content\/uploads\/2021\/01\/0c44a075-3db4-42a7-a8f5-aceb20d4f07f.jpg 1080w, https:\/\/mgh-bochum.de\/wp-content\/uploads\/2021\/01\/0c44a075-3db4-42a7-a8f5-aceb20d4f07f-300x300.jpg 300w, https:\/\/mgh-bochum.de\/wp-content\/uploads\/2021\/01\/0c44a075-3db4-42a7-a8f5-aceb20d4f07f-700x700.jpg 700w, https:\/\/mgh-bochum.de\/wp-content\/uploads\/2021\/01\/0c44a075-3db4-42a7-a8f5-aceb20d4f07f-150x150.jpg 150w, https:\/\/mgh-bochum.de\/wp-content\/uploads\/2021\/01\/0c44a075-3db4-42a7-a8f5-aceb20d4f07f-768x768.jpg 768w\" sizes=\"auto, (max-width: 1080px) 100vw, 1080px\" \/><\/a><\/p>\n\n\n<figure class=\"wp-block-gallery has-nested-images columns-default is-cropped wp-block-gallery-1 is-layout-flex wp-block-gallery-is-layout-flex\">\n<figure class=\"wp-block-image size-large\"><img loading=\"lazy\" decoding=\"async\" width=\"700\" height=\"495\" data-id=\"908\" src=\"https:\/\/mgh-bochum.de\/wp-content\/uploads\/2020\/09\/Offenewerks-1-700x495.jpg\" alt=\"\" class=\"wp-image-908\" srcset=\"https:\/\/mgh-bochum.de\/wp-content\/uploads\/2020\/09\/Offenewerks-1-700x495.jpg 700w, https:\/\/mgh-bochum.de\/wp-content\/uploads\/2020\/09\/Offenewerks-1-300x212.jpg 300w, https:\/\/mgh-bochum.de\/wp-content\/uploads\/2020\/09\/Offenewerks-1-768x543.jpg 768w\" sizes=\"auto, (max-width: 700px) 100vw, 700px\" \/><\/figure>\n<\/figure>\n\n\n\n<figure class=\"wp-block-image size-large\"><img loading=\"lazy\" decoding=\"async\" width=\"700\" height=\"700\" src=\"https:\/\/mgh-bochum.de\/wp-content\/uploads\/2021\/02\/5A898832-A5FB-411C-8579-9709B379DFDC-700x700-1.jpg\" alt=\"\" class=\"wp-image-1479\" srcset=\"https:\/\/mgh-bochum.de\/wp-content\/uploads\/2021\/02\/5A898832-A5FB-411C-8579-9709B379DFDC-700x700-1.jpg 700w, https:\/\/mgh-bochum.de\/wp-content\/uploads\/2021\/02\/5A898832-A5FB-411C-8579-9709B379DFDC-700x700-1-300x300.jpg 300w, https:\/\/mgh-bochum.de\/wp-content\/uploads\/2021\/02\/5A898832-A5FB-411C-8579-9709B379DFDC-700x700-1-100x100.jpg 100w, https:\/\/mgh-bochum.de\/wp-content\/uploads\/2021\/02\/5A898832-A5FB-411C-8579-9709B379DFDC-700x700-1-600x600.jpg 600w, https:\/\/mgh-bochum.de\/wp-content\/uploads\/2021\/02\/5A898832-A5FB-411C-8579-9709B379DFDC-700x700-1-150x150.jpg 150w\" sizes=\"auto, (max-width: 700px) 100vw, 700px\" \/><figcaption class=\"wp-element-caption\"><strong>Upcycling: Schl\u00fcsselanh\u00e4nger <\/strong><\/figcaption><\/figure>\n\n\n\n<figure class=\"wp-block-image size-large\"><img loading=\"lazy\" decoding=\"async\" width=\"700\" height=\"989\" src=\"https:\/\/mgh-bochum.de\/wp-content\/uploads\/2021\/02\/E0AEF381-6E99-4843-B6CE-C3BA385580AB-700x989-1.png\" alt=\"\" class=\"wp-image-1480\" srcset=\"https:\/\/mgh-bochum.de\/wp-content\/uploads\/2021\/02\/E0AEF381-6E99-4843-B6CE-C3BA385580AB-700x989-1.png 700w, https:\/\/mgh-bochum.de\/wp-content\/uploads\/2021\/02\/E0AEF381-6E99-4843-B6CE-C3BA385580AB-700x989-1-600x848.png 600w, https:\/\/mgh-bochum.de\/wp-content\/uploads\/2021\/02\/E0AEF381-6E99-4843-B6CE-C3BA385580AB-700x989-1-212x300.png 212w\" sizes=\"auto, (max-width: 700px) 100vw, 700px\" \/><\/figure>\n","protected":false},"excerpt":{"rendered":"<p>Fahrrad-Werkstatt, Reparatur Caf\u00e9 und Nachhaltigkeit im Mehrgenerationenhaus Werkstatt Vielfalt Unter dem Motto: &#8222;Reparieren statt Wegwerfen!&#8220; m\u00f6chten wir eine Offene Werkstatt am Stadtteilzentrum Dahlhausen aufbauen und eine Veranstaltungsreihe ins Leben rufen, wo Menschen aus dem Stadtteil gemeinsam defekte Gebrauchsgegenst\u00e4nde untersuchen und reparieren. Ehrenamtliche Reparaturhelferinnen und -helfer geben dabei ihr Wissen an Laien weiter und leisten so [&hellip;]<\/p>\n","protected":false},"author":1,"featured_media":0,"parent":7,"menu_order":40,"comment_status":"closed","ping_status":"closed","template":"","meta":{"footnotes":""},"class_list":["post-75","page","type-page","status-publish"],"_links":{"self":[{"href":"https:\/\/mgh-bochum.de\/index.php?rest_route=\/wp\/v2\/pages\/75","targetHints":{"allow":["GET"]}}],"collection":[{"href":"https:\/\/mgh-bochum.de\/index.php?rest_route=\/wp\/v2\/pages"}],"about":[{"href":"https:\/\/mgh-bochum.de\/index.php?rest_route=\/wp\/v2\/types\/page"}],"author":[{"embeddable":true,"href":"https:\/\/mgh-bochum.de\/index.php?rest_route=\/wp\/v2\/users\/1"}],"replies":[{"embeddable":true,"href":"https:\/\/mgh-bochum.de\/index.php?rest_route=%2Fwp%2Fv2%2Fcomments&post=75"}],"version-history":[{"count":42,"href":"https:\/\/mgh-bochum.de\/index.php?rest_route=\/wp\/v2\/pages\/75\/revisions"}],"predecessor-version":[{"id":2230,"href":"https:\/\/mgh-bochum.de\/index.php?rest_route=\/wp\/v2\/pages\/75\/revisions\/2230"}],"up":[{"embeddable":true,"href":"https:\/\/mgh-bochum.de\/index.php?rest_route=\/wp\/v2\/pages\/7"}],"wp:attachment":[{"href":"https:\/\/mgh-bochum.de\/index.php?rest_route=%2Fwp%2Fv2%2Fmedia&parent=75"}],"curies":[{"name":"wp","href":"https:\/\/api.w.org\/{rel}","templated":true}]}}