{"id":82,"date":"2016-12-02T22:42:42","date_gmt":"2016-12-02T21:42:42","guid":{"rendered":"http:\/\/mgh.ifak-bochum.de\/?page_id=82"},"modified":"2021-02-25T14:33:36","modified_gmt":"2021-02-25T13:33:36","slug":"interkulturell-und-intergenerativ","status":"publish","type":"page","link":"https:\/\/mgh-bochum.de\/?page_id=82","title":{"rendered":"Interkulturell und Intergenerativ"},"content":{"rendered":"<h2>Interkulturelle und intergenerative offene Angebote<\/h2>\n<p><strong>Guten Morgen Treffen -Fr\u00fcchst\u00fcck mit Nachbarn,<\/strong><br \/><strong>Zusammenkunft und Austausch<\/strong><\/p>\n<p><strong><span class=\"fontstyle0\">Kochworkshop f\u00fcr Erwachsene <\/span><\/strong><span class=\"fontstyle0\"><br \/><\/span><br \/><strong><span class=\"fontstyle0\">Eltern-Kind-Kochen<\/span><\/strong><\/p>\n<p>\u00a0<\/p>\n<p><strong> <span class=\"fontstyle0\">Spielenachmittag f\u00fcr Familien<\/span><\/strong><\/p>\n<p><span class=\"fontstyle0\"><strong>Kreativnachmittag f\u00fcr Familien<\/strong><\/span><\/p>\n<p><span class=\"fontstyle0\"><strong>Familienkino<\/strong><\/span><\/p>\n<p><span class=\"fontstyle0\"><strong>VIVAWEST Mietercaf\u00e9<\/strong><\/span><\/p>\n<p><span class=\"fontstyle0\"><strong>Pflegende Angeh\u00f6rigentreffen<\/strong><\/span><\/p>\n<p><strong>Treffen junger Frauen zum Frauenabend &#8222;Von Frau zu Frau&#8220;, wechselnde Themen und Workshops<\/strong><\/p>\n<h3>Kulturabende im Mehrgenerationenhaus<\/h3>\n<p>Seit 15 Jahren bieten wir in unserem Mehrgenerationenhaus Stadtteilzentrum Dahlhausen, eine interkulturelle Reihe von und f\u00fcr Migrant*innen und Einheimische an. Diese Kulturveranstaltungen leisten damit einen wesentlichen Beitrag zum aufgeschlossenen und offenen Miteinander, der hier im Stadtteil lebenden Menschen aller Generationen.<\/p>\n<p>Gef\u00f6rdert werden die Kulturabende vom Kulturb\u00fcro der Stadt Bochum.<\/p>\n<h4><span class=\"fontstyle0\"><strong>\u201eNachbarschaftsfest-internationaler Kulturabend\u201c<\/strong><br \/><\/span><span class=\"fontstyle2\">Fr., 29.05.2020 ab 16:00 Uhr<\/span><\/h4>\n<h4><strong>\u201eKulturabend\u201c<\/strong><\/h4>\n<p>Mit Unterst\u00fctzung des Kulturb\u00fcros Bochum, findet am Freitag, den <strong>18.09.2020 ab 17 Uhr<\/strong> unser Kulturabend statt.<\/p>\n\n\n<figure class=\"wp-block-image size-large\"><img loading=\"lazy\" decoding=\"async\" width=\"700\" height=\"493\" src=\"https:\/\/mgh-bochum.de\/wp-content\/uploads\/2021\/02\/Kino-700x493.jpg\" alt=\"\" class=\"wp-image-1470\" srcset=\"https:\/\/mgh-bochum.de\/wp-content\/uploads\/2021\/02\/Kino-700x493.jpg 700w, https:\/\/mgh-bochum.de\/wp-content\/uploads\/2021\/02\/Kino-600x423.jpg 600w, https:\/\/mgh-bochum.de\/wp-content\/uploads\/2021\/02\/Kino-300x211.jpg 300w, https:\/\/mgh-bochum.de\/wp-content\/uploads\/2021\/02\/Kino-768x541.jpg 768w, https:\/\/mgh-bochum.de\/wp-content\/uploads\/2021\/02\/Kino-1536x1083.jpg 1536w, https:\/\/mgh-bochum.de\/wp-content\/uploads\/2021\/02\/Kino-2048x1444.jpg 2048w\" sizes=\"auto, (max-width: 700px) 100vw, 700px\" \/><\/figure>\n\n\n\n<figure class=\"wp-block-image size-large\"><img loading=\"lazy\" decoding=\"async\" width=\"700\" height=\"990\" src=\"https:\/\/mgh-bochum.de\/wp-content\/uploads\/2021\/02\/ContainerKulturfest-700x990.jpg\" alt=\"\" class=\"wp-image-1471\" srcset=\"https:\/\/mgh-bochum.de\/wp-content\/uploads\/2021\/02\/ContainerKulturfest-700x990.jpg 700w, https:\/\/mgh-bochum.de\/wp-content\/uploads\/2021\/02\/ContainerKulturfest-scaled-600x849.jpg 600w, https:\/\/mgh-bochum.de\/wp-content\/uploads\/2021\/02\/ContainerKulturfest-212x300.jpg 212w, https:\/\/mgh-bochum.de\/wp-content\/uploads\/2021\/02\/ContainerKulturfest-768x1086.jpg 768w, https:\/\/mgh-bochum.de\/wp-content\/uploads\/2021\/02\/ContainerKulturfest-1086x1536.jpg 1086w, https:\/\/mgh-bochum.de\/wp-content\/uploads\/2021\/02\/ContainerKulturfest-1448x2048.jpg 1448w, https:\/\/mgh-bochum.de\/wp-content\/uploads\/2021\/02\/ContainerKulturfest-scaled.jpg 1810w\" sizes=\"auto, (max-width: 700px) 100vw, 700px\" \/><\/figure>\n","protected":false},"excerpt":{"rendered":"<p>Interkulturelle und intergenerative offene Angebote Guten Morgen Treffen -Fr\u00fcchst\u00fcck mit Nachbarn,Zusammenkunft und Austausch Kochworkshop f\u00fcr Erwachsene Eltern-Kind-Kochen \u00a0 Spielenachmittag f\u00fcr Familien Kreativnachmittag f\u00fcr Familien Familienkino VIVAWEST Mietercaf\u00e9 Pflegende Angeh\u00f6rigentreffen Treffen junger Frauen zum Frauenabend &#8222;Von Frau zu Frau&#8220;, wechselnde Themen und Workshops Kulturabende im Mehrgenerationenhaus Seit 15 Jahren bieten wir in unserem Mehrgenerationenhaus Stadtteilzentrum Dahlhausen, [&hellip;]<\/p>\n","protected":false},"author":1,"featured_media":0,"parent":77,"menu_order":10,"comment_status":"closed","ping_status":"closed","template":"","meta":{"footnotes":""},"class_list":["post-82","page","type-page","status-publish"],"_links":{"self":[{"href":"https:\/\/mgh-bochum.de\/index.php?rest_route=\/wp\/v2\/pages\/82","targetHints":{"allow":["GET"]}}],"collection":[{"href":"https:\/\/mgh-bochum.de\/index.php?rest_route=\/wp\/v2\/pages"}],"about":[{"href":"https:\/\/mgh-bochum.de\/index.php?rest_route=\/wp\/v2\/types\/page"}],"author":[{"embeddable":true,"href":"https:\/\/mgh-bochum.de\/index.php?rest_route=\/wp\/v2\/users\/1"}],"replies":[{"embeddable":true,"href":"https:\/\/mgh-bochum.de\/index.php?rest_route=%2Fwp%2Fv2%2Fcomments&post=82"}],"version-history":[{"count":22,"href":"https:\/\/mgh-bochum.de\/index.php?rest_route=\/wp\/v2\/pages\/82\/revisions"}],"predecessor-version":[{"id":1472,"href":"https:\/\/mgh-bochum.de\/index.php?rest_route=\/wp\/v2\/pages\/82\/revisions\/1472"}],"up":[{"embeddable":true,"href":"https:\/\/mgh-bochum.de\/index.php?rest_route=\/wp\/v2\/pages\/77"}],"wp:attachment":[{"href":"https:\/\/mgh-bochum.de\/index.php?rest_route=%2Fwp%2Fv2%2Fmedia&parent=82"}],"curies":[{"name":"wp","href":"https:\/\/api.w.org\/{rel}","templated":true}]}}