{"id":86,"date":"2016-12-02T22:45:00","date_gmt":"2016-12-02T21:45:00","guid":{"rendered":"http:\/\/mgh.ifak-bochum.de\/?page_id=86"},"modified":"2022-02-17T09:35:49","modified_gmt":"2022-02-17T08:35:49","slug":"ihr-engagement","status":"publish","type":"page","link":"https:\/\/mgh-bochum.de\/?page_id=86","title":{"rendered":"Ihr Engagement"},"content":{"rendered":"<h2>Praktikum im Mehrgenerationenhaus<\/h2>\n<p>Praktikant*innen f\u00fcr soziale\/p\u00e4dagogische Berufe k\u00f6nnen bei uns ein qualifiziertes Praktikum in unterschiedlichen Bereichen machen. Durch die Vielfalt unserer Zielgruppen und Angebotsstruktur gewinnt man Einblicke in nahezu alle Bereiche der sozialen Arbeit. Das gemeinsame Wirken im multikulturellen Team kann fachliche und interkulturelle Kompetenzen bef\u00f6rdern, bringt Talente zum Vorschein und hilft bei der Berufs- bzw. Studienwahl.<\/p>\n<p>Praktikant*innen bereichern und unterst\u00fctzen unsere generationen\u00fcbergreifende Arbeit. Ihre eingebrachten Erfahrungen und Sichtweisen k\u00f6nnen uns wichtige Impulse zur weiteren Gestaltung unserer Angebotsstruktur geben.<\/p>\n<p>Bewerbungen bitte per Mail an <a class=\"mail\" title=\"Praktikum\">stadtteilzentrum[at]ifak-bochum.de<\/a>.<\/p>\n<p>Folgende Informationen sollten enthalten sein:<\/p>\n<ul>\n<li>Kurzer Lebenslauf<\/li>\n<li>Motivationsschreiben<\/li>\n<li>Art<\/li>\n<li>Umfang<\/li>\n<li>Terminierung des Praktikums<\/li>\n<\/ul>\n<h2>Ehrenamtliches Engagement<\/h2>\n<p>Sie m\u00f6chten sich ehrenamtlich engagieren und suchen eine\u00a0sinnvolle Aufgabe? Mit der Angebotepalette im Mehrgenerationenhaus bieten wir viele M\u00f6glichkeiten,\u00a0wo sie sich einbringen k\u00f6nnen.\u00a0Das MGH\u00a0f\u00f6rdert ehrenamtliches Engagement und\u00a0ist anerkannter Tr\u00e4ger f\u00fcr die Bescheinigung ihres Engagements und Beantragung der Ehrenamtskarte in Bochum.<\/p>\n<p>Sprechen Sie uns an im Interkulturellen Stadtteilb\u00fcro.<br \/>\nMo \u2013 Fr: 10.00 \u2013 13.00 Uhr, Tel.: 0234 \/ 94 22 336<\/p>\n","protected":false},"excerpt":{"rendered":"<p>Praktikum im Mehrgenerationenhaus Praktikant*innen f\u00fcr soziale\/p\u00e4dagogische Berufe k\u00f6nnen bei uns ein qualifiziertes Praktikum in unterschiedlichen Bereichen machen. Durch die Vielfalt unserer Zielgruppen und Angebotsstruktur gewinnt man Einblicke in nahezu alle Bereiche der sozialen Arbeit. Das gemeinsame Wirken im multikulturellen Team kann fachliche und interkulturelle Kompetenzen bef\u00f6rdern, bringt Talente zum Vorschein und hilft bei der Berufs- [&hellip;]<\/p>\n","protected":false},"author":1,"featured_media":0,"parent":7,"menu_order":30,"comment_status":"closed","ping_status":"closed","template":"","meta":{"footnotes":""},"class_list":["post-86","page","type-page","status-publish"],"_links":{"self":[{"href":"https:\/\/mgh-bochum.de\/index.php?rest_route=\/wp\/v2\/pages\/86","targetHints":{"allow":["GET"]}}],"collection":[{"href":"https:\/\/mgh-bochum.de\/index.php?rest_route=\/wp\/v2\/pages"}],"about":[{"href":"https:\/\/mgh-bochum.de\/index.php?rest_route=\/wp\/v2\/types\/page"}],"author":[{"embeddable":true,"href":"https:\/\/mgh-bochum.de\/index.php?rest_route=\/wp\/v2\/users\/1"}],"replies":[{"embeddable":true,"href":"https:\/\/mgh-bochum.de\/index.php?rest_route=%2Fwp%2Fv2%2Fcomments&post=86"}],"version-history":[{"count":11,"href":"https:\/\/mgh-bochum.de\/index.php?rest_route=\/wp\/v2\/pages\/86\/revisions"}],"predecessor-version":[{"id":2080,"href":"https:\/\/mgh-bochum.de\/index.php?rest_route=\/wp\/v2\/pages\/86\/revisions\/2080"}],"up":[{"embeddable":true,"href":"https:\/\/mgh-bochum.de\/index.php?rest_route=\/wp\/v2\/pages\/7"}],"wp:attachment":[{"href":"https:\/\/mgh-bochum.de\/index.php?rest_route=%2Fwp%2Fv2%2Fmedia&parent=86"}],"curies":[{"name":"wp","href":"https:\/\/api.w.org\/{rel}","templated":true}]}}